{"id":2425,"date":"2024-11-25T16:25:58","date_gmt":"2024-11-25T15:25:58","guid":{"rendered":"https:\/\/www.caviariste.com\/?post_type=product&#038;p=2425"},"modified":"2025-05-19T09:13:43","modified_gmt":"2025-05-19T07:13:43","slug":"caviar-schrenki-x-dauricus","status":"publish","type":"product","link":"https:\/\/www.caviariste.com\/fr\/produit\/caviar-schrenki-x-dauricus\/","title":{"rendered":"Caviar Schrenki x Dauricus"},"content":{"rendered":"<p>Le <strong>Schrenki x Dauricus<\/strong>, c&rsquo;est l&rsquo;\u00e9toile montante du caviar, avec ses grains d&rsquo;une taille importante, proches de ceux du B\u00e9luga, et une palette de couleurs allant du gris \u00e0 des couleurs ambr\u00e9es.<\/p>\n<p>Sa texture fondante et son \u00e9clat visuel s\u00e9duisent les amateurs, tandis que ses ar\u00f4mes d\u00e9licats de noisettes et d&rsquo;amandes grill\u00e9es offrent une exp\u00e9rience gustative parfaitement \u00e9quilibr\u00e9e.<\/p>\n<p>Issu d&rsquo;une esp\u00e8ce d&rsquo;esturgeons soigneusement \u00e9lev\u00e9e entre l&rsquo;<em>Acipenser Schrenkii<\/em> et l&rsquo;esturgeon Huso Dauricus, sont tout deux originaires du fleuve Amour en Chine.<\/p>\n<p>Polyvalent, il se marie \u00e0 merveille avec des blinis, des \u0153ufs, des pommes de terre, des poissons ou des fruits de mer. Et pour les palais audacieux, pourquoi ne pas l&rsquo;accompagner d&rsquo;un tartare de b\u0153uf ? Une exp\u00e9rience culinaire aussi raffin\u00e9e qu&rsquo;inoubliable.<\/p>\n<h2>Fiche technique<\/h2>\n<table>\n<tbody>\n<tr>\n<th>DDM<\/th>\n<td>4 mois<\/td>\n<\/tr>\n<tr>\n<th>Conservation<\/th>\n<td>Entre 0\/+4\u00b0c. Apr\u00e8s ouverture, \u00e0 consommer sous 48 heures.<\/td>\n<\/tr>\n<tr>\n<th>Format disponible<\/th>\n<td>100g<\/td>\n<\/tr>\n<tr>\n<th>Ingr\u00e9dients<\/th>\n<td>Oeufs d&rsquo;esturgeon (Acipenser schrenkii x Huso Dauricus), sel, E285<\/td>\n<\/tr>\n<\/tbody>\n<\/table>\n<p><\/p>","protected":false},"excerpt":{"rendered":"<p>Le <strong>Schrenki x Dauricus<\/strong>, c&rsquo;est l&rsquo;\u00e9toile montante du caviar, avec ses grains d&rsquo;une taille importante, proches de ceux du B\u00e9luga, et une palette de couleurs allant du gris \u00e0 des couleurs ambr\u00e9es.<\/p>\n<p>Sa texture fondante et son \u00e9clat visuel s\u00e9duisent les amateurs, tandis que ses ar\u00f4mes d\u00e9licats de noisettes et d&rsquo;amandes grill\u00e9es offrent une exp\u00e9rience gustative parfaitement \u00e9quilibr\u00e9e.<\/p>\n<p>Issu d&rsquo;une esp\u00e8ce d&rsquo;esturgeons soigneusement \u00e9lev\u00e9e entre l&rsquo;<em>Acipenser Schrenkii<\/em> et l&rsquo;esturgeon Huso Dauricus, sont tout deux originaires du fleuve Amour en Chine.<\/p>\n","protected":false},"featured_media":2431,"comment_status":"open","ping_status":"closed","template":"","meta":{"ocean_post_layout":"","ocean_both_sidebars_style":"","ocean_both_sidebars_content_width":0,"ocean_both_sidebars_sidebars_width":0,"ocean_sidebar":"0","ocean_second_sidebar":"0","ocean_disable_margins":"enable","ocean_add_body_class":"","ocean_shortcode_before_top_bar":"","ocean_shortcode_after_top_bar":"","ocean_shortcode_before_header":"","ocean_shortcode_after_header":"","ocean_has_shortcode":"","ocean_shortcode_after_title":"","ocean_shortcode_before_footer_widgets":"","ocean_shortcode_after_footer_widgets":"","ocean_shortcode_before_footer_bottom":"","ocean_shortcode_after_footer_bottom":"","ocean_display_top_bar":"default","ocean_display_header":"default","ocean_header_style":"","ocean_center_header_left_menu":"0","ocean_custom_header_template":"0","ocean_custom_logo":0,"ocean_custom_retina_logo":0,"ocean_custom_logo_max_width":0,"ocean_custom_logo_tablet_max_width":0,"ocean_custom_logo_mobile_max_width":0,"ocean_custom_logo_max_height":0,"ocean_custom_logo_tablet_max_height":0,"ocean_custom_logo_mobile_max_height":0,"ocean_header_custom_menu":"0","ocean_menu_typo_font_family":"0","ocean_menu_typo_font_subset":"","ocean_menu_typo_font_size":0,"ocean_menu_typo_font_size_tablet":0,"ocean_menu_typo_font_size_mobile":0,"ocean_menu_typo_font_size_unit":"px","ocean_menu_typo_font_weight":"","ocean_menu_typo_font_weight_tablet":"","ocean_menu_typo_font_weight_mobile":"","ocean_menu_typo_transform":"","ocean_menu_typo_transform_tablet":"","ocean_menu_typo_transform_mobile":"","ocean_menu_typo_line_height":0,"ocean_menu_typo_line_height_tablet":0,"ocean_menu_typo_line_height_mobile":0,"ocean_menu_typo_line_height_unit":"","ocean_menu_typo_spacing":0,"ocean_menu_typo_spacing_tablet":0,"ocean_menu_typo_spacing_mobile":0,"ocean_menu_typo_spacing_unit":"","ocean_menu_link_color":"","ocean_menu_link_color_hover":"","ocean_menu_link_color_active":"","ocean_menu_link_background":"","ocean_menu_link_hover_background":"","ocean_menu_link_active_background":"","ocean_menu_social_links_bg":"","ocean_menu_social_hover_links_bg":"","ocean_menu_social_links_color":"","ocean_menu_social_hover_links_color":"","ocean_disable_title":"default","ocean_disable_heading":"default","ocean_post_title":"","ocean_post_subheading":"","ocean_post_title_style":"","ocean_post_title_background_color":"","ocean_post_title_background":0,"ocean_post_title_bg_image_position":"","ocean_post_title_bg_image_attachment":"","ocean_post_title_bg_image_repeat":"","ocean_post_title_bg_image_size":"","ocean_post_title_height":0,"ocean_post_title_bg_overlay":0.5,"ocean_post_title_bg_overlay_color":"","ocean_disable_breadcrumbs":"default","ocean_breadcrumbs_color":"","ocean_breadcrumbs_separator_color":"","ocean_breadcrumbs_links_color":"","ocean_breadcrumbs_links_hover_color":"","ocean_display_footer_widgets":"default","ocean_display_footer_bottom":"default","ocean_custom_footer_template":"0","osh_disable_topbar_sticky":"default","osh_disable_header_sticky":"default","osh_sticky_header_style":"default","osh_sticky_header_effect":"","osh_custom_sticky_logo":0,"osh_custom_retina_sticky_logo":0,"osh_custom_sticky_logo_height":0,"osh_background_color":"","osh_links_color":"","osh_links_hover_color":"","osh_links_active_color":"","osh_links_bg_color":"","osh_links_hover_bg_color":"","osh_links_active_bg_color":"","osh_menu_social_links_color":"","osh_menu_social_hover_links_color":""},"product_brand":[],"product_cat":[32,44],"product_tag":[],"class_list":{"0":"post-2425","1":"product","2":"type-product","3":"status-publish","4":"has-post-thumbnail","6":"product_cat-caviar","7":"product_cat-caviar-schrenki-dauricus","9":"entry","10":"has-media","12":"first","13":"instock","14":"featured","15":"taxable","16":"shipping-taxable","17":"purchasable","18":"product-type-variable","19":"has-default-attributes","20":"has-product-nav","21":"col","22":"span_1_of_3","23":"owp-content-center","24":"owp-thumbs-layout-horizontal","25":"owp-btn-normal","26":"owp-tabs-layout-horizontal"},"yoast_head":"<!-- This site is optimized with the Yoast SEO plugin v27.4 - https:\/\/yoast.com\/product\/yoast-seo-wordpress\/ -->\n<title>Caviar Schrenki x Dauricus - Caviariste<\/title>\n<meta name=\"robots\" content=\"index, follow, max-snippet:-1, max-image-preview:large, max-video-preview:-1\" \/>\n<link rel=\"canonical\" href=\"https:\/\/www.caviariste.com\/produit\/caviar-schrenki-x-dauricus\/\" \/>\n<meta property=\"og:locale\" content=\"fr_FR\" \/>\n<meta property=\"og:type\" content=\"article\" \/>\n<meta property=\"og:title\" content=\"Caviar Schrenki x Dauricus - Caviariste\" \/>\n<meta property=\"og:description\" content=\"[:fr]Le Schrenki x Dauricus, c&#039;est l&#039;\u00e9toile montante du caviar, avec ses grains d&#039;une taille importante, proches de ceux du B\u00e9luga, et une palette de couleurs allant du gris \u00e0 des couleurs ambr\u00e9es.  Sa texture fondante et son \u00e9clat visuel s\u00e9duisent les amateurs, tandis que ses ar\u00f4mes d\u00e9licats de noisettes et d&#039;amandes grill\u00e9es offrent une exp\u00e9rience gustative parfaitement \u00e9quilibr\u00e9e.  Issu d&#039;une esp\u00e8ce d&#039;esturgeons soigneusement \u00e9lev\u00e9e entre l&#039;Acipenser Schrenkii et l&#039;esturgeon Huso Dauricus, sont tout deux originaires du fleuve Amour en Chine.[:]\" \/>\n<meta property=\"og:url\" content=\"https:\/\/www.caviariste.com\/produit\/caviar-schrenki-x-dauricus\/\" \/>\n<meta property=\"og:site_name\" content=\"Caviariste\" \/>\n<meta property=\"article:modified_time\" content=\"2025-05-19T07:13:43+00:00\" \/>\n<meta property=\"og:image\" content=\"https:\/\/www.caviariste.com\/wp-content\/uploads\/2024\/11\/PACKSHOT.png\" \/>\n\t<meta property=\"og:image:width\" content=\"2000\" \/>\n\t<meta property=\"og:image:height\" content=\"2000\" \/>\n\t<meta property=\"og:image:type\" content=\"image\/png\" \/>\n<meta name=\"twitter:card\" content=\"summary_large_image\" \/>\n<meta name=\"twitter:label1\" content=\"Dur\u00e9e de lecture estim\u00e9e\" \/>\n\t<meta name=\"twitter:data1\" content=\"1 minute\" \/>\n<script type=\"application\/ld+json\" class=\"yoast-schema-graph\">{\"@context\":\"https:\\\/\\\/schema.org\",\"@graph\":[{\"@type\":\"WebPage\",\"@id\":\"https:\\\/\\\/www.caviariste.com\\\/produit\\\/caviar-schrenki-x-dauricus\\\/\",\"url\":\"https:\\\/\\\/www.caviariste.com\\\/produit\\\/caviar-schrenki-x-dauricus\\\/\",\"name\":\"Caviar Schrenki x Dauricus - Caviariste\",\"isPartOf\":{\"@id\":\"https:\\\/\\\/www.caviariste.com\\\/#website\"},\"primaryImageOfPage\":{\"@id\":\"https:\\\/\\\/www.caviariste.com\\\/produit\\\/caviar-schrenki-x-dauricus\\\/#primaryimage\"},\"image\":{\"@id\":\"https:\\\/\\\/www.caviariste.com\\\/produit\\\/caviar-schrenki-x-dauricus\\\/#primaryimage\"},\"thumbnailUrl\":\"https:\\\/\\\/www.caviariste.com\\\/wp-content\\\/uploads\\\/2024\\\/11\\\/PACKSHOT.png\",\"datePublished\":\"2024-11-25T15:25:58+00:00\",\"dateModified\":\"2025-05-19T07:13:43+00:00\",\"breadcrumb\":{\"@id\":\"https:\\\/\\\/www.caviariste.com\\\/produit\\\/caviar-schrenki-x-dauricus\\\/#breadcrumb\"},\"inLanguage\":\"fr-FR\",\"potentialAction\":[{\"@type\":\"ReadAction\",\"target\":[\"https:\\\/\\\/www.caviariste.com\\\/produit\\\/caviar-schrenki-x-dauricus\\\/\"]}]},{\"@type\":\"ImageObject\",\"inLanguage\":\"fr-FR\",\"@id\":\"https:\\\/\\\/www.caviariste.com\\\/produit\\\/caviar-schrenki-x-dauricus\\\/#primaryimage\",\"url\":\"https:\\\/\\\/www.caviariste.com\\\/wp-content\\\/uploads\\\/2024\\\/11\\\/PACKSHOT.png\",\"contentUrl\":\"https:\\\/\\\/www.caviariste.com\\\/wp-content\\\/uploads\\\/2024\\\/11\\\/PACKSHOT.png\",\"width\":2000,\"height\":2000,\"caption\":\"schrenki\"},{\"@type\":\"BreadcrumbList\",\"@id\":\"https:\\\/\\\/www.caviariste.com\\\/produit\\\/caviar-schrenki-x-dauricus\\\/#breadcrumb\",\"itemListElement\":[{\"@type\":\"ListItem\",\"position\":1,\"name\":\"Accueil\",\"item\":\"https:\\\/\\\/www.caviariste.com\\\/\"},{\"@type\":\"ListItem\",\"position\":2,\"name\":\"Shop\",\"item\":\"https:\\\/\\\/www.caviariste.com\\\/shop\\\/\"},{\"@type\":\"ListItem\",\"position\":3,\"name\":\"Caviar Schrenki x Dauricus\"}]},{\"@type\":\"WebSite\",\"@id\":\"https:\\\/\\\/www.caviariste.com\\\/#website\",\"url\":\"https:\\\/\\\/www.caviariste.com\\\/\",\"name\":\"Caviariste\",\"description\":\"\",\"publisher\":{\"@id\":\"https:\\\/\\\/www.caviariste.com\\\/#organization\"},\"potentialAction\":[{\"@type\":\"SearchAction\",\"target\":{\"@type\":\"EntryPoint\",\"urlTemplate\":\"https:\\\/\\\/www.caviariste.com\\\/?s={search_term_string}\"},\"query-input\":{\"@type\":\"PropertyValueSpecification\",\"valueRequired\":true,\"valueName\":\"search_term_string\"}}],\"inLanguage\":\"fr-FR\"},{\"@type\":\"Organization\",\"@id\":\"https:\\\/\\\/www.caviariste.com\\\/#organization\",\"name\":\"Caviariste\",\"url\":\"https:\\\/\\\/www.caviariste.com\\\/\",\"logo\":{\"@type\":\"ImageObject\",\"inLanguage\":\"fr-FR\",\"@id\":\"https:\\\/\\\/www.caviariste.com\\\/#\\\/schema\\\/logo\\\/image\\\/\",\"url\":\"https:\\\/\\\/www.caviariste.com\\\/wp-content\\\/uploads\\\/2023\\\/01\\\/logo-caviariste-300-60.png\",\"contentUrl\":\"https:\\\/\\\/www.caviariste.com\\\/wp-content\\\/uploads\\\/2023\\\/01\\\/logo-caviariste-300-60.png\",\"width\":300,\"height\":60,\"caption\":\"Caviariste\"},\"image\":{\"@id\":\"https:\\\/\\\/www.caviariste.com\\\/#\\\/schema\\\/logo\\\/image\\\/\"}}]}<\/script>\n<!-- \/ Yoast SEO plugin. -->","yoast_head_json":{"title":"Caviar Schrenki x Dauricus - Caviariste","robots":{"index":"index","follow":"follow","max-snippet":"max-snippet:-1","max-image-preview":"max-image-preview:large","max-video-preview":"max-video-preview:-1"},"canonical":"https:\/\/www.caviariste.com\/produit\/caviar-schrenki-x-dauricus\/","og_locale":"fr_FR","og_type":"article","og_title":"Caviar Schrenki x Dauricus - Caviariste","og_description":"[:fr]Le Schrenki x Dauricus, c'est l'\u00e9toile montante du caviar, avec ses grains d'une taille importante, proches de ceux du B\u00e9luga, et une palette de couleurs allant du gris \u00e0 des couleurs ambr\u00e9es.  Sa texture fondante et son \u00e9clat visuel s\u00e9duisent les amateurs, tandis que ses ar\u00f4mes d\u00e9licats de noisettes et d'amandes grill\u00e9es offrent une exp\u00e9rience gustative parfaitement \u00e9quilibr\u00e9e.  Issu d'une esp\u00e8ce d'esturgeons soigneusement \u00e9lev\u00e9e entre l'Acipenser Schrenkii et l'esturgeon Huso Dauricus, sont tout deux originaires du fleuve Amour en Chine.[:]","og_url":"https:\/\/www.caviariste.com\/produit\/caviar-schrenki-x-dauricus\/","og_site_name":"Caviariste","article_modified_time":"2025-05-19T07:13:43+00:00","og_image":[{"width":2000,"height":2000,"url":"https:\/\/www.caviariste.com\/wp-content\/uploads\/2024\/11\/PACKSHOT.png","type":"image\/png"}],"twitter_card":"summary_large_image","twitter_misc":{"Dur\u00e9e de lecture estim\u00e9e":"1 minute"},"schema":{"@context":"https:\/\/schema.org","@graph":[{"@type":"WebPage","@id":"https:\/\/www.caviariste.com\/produit\/caviar-schrenki-x-dauricus\/","url":"https:\/\/www.caviariste.com\/produit\/caviar-schrenki-x-dauricus\/","name":"Caviar Schrenki x Dauricus - Caviariste","isPartOf":{"@id":"https:\/\/www.caviariste.com\/#website"},"primaryImageOfPage":{"@id":"https:\/\/www.caviariste.com\/produit\/caviar-schrenki-x-dauricus\/#primaryimage"},"image":{"@id":"https:\/\/www.caviariste.com\/produit\/caviar-schrenki-x-dauricus\/#primaryimage"},"thumbnailUrl":"https:\/\/www.caviariste.com\/wp-content\/uploads\/2024\/11\/PACKSHOT.png","datePublished":"2024-11-25T15:25:58+00:00","dateModified":"2025-05-19T07:13:43+00:00","breadcrumb":{"@id":"https:\/\/www.caviariste.com\/produit\/caviar-schrenki-x-dauricus\/#breadcrumb"},"inLanguage":"fr-FR","potentialAction":[{"@type":"ReadAction","target":["https:\/\/www.caviariste.com\/produit\/caviar-schrenki-x-dauricus\/"]}]},{"@type":"ImageObject","inLanguage":"fr-FR","@id":"https:\/\/www.caviariste.com\/produit\/caviar-schrenki-x-dauricus\/#primaryimage","url":"https:\/\/www.caviariste.com\/wp-content\/uploads\/2024\/11\/PACKSHOT.png","contentUrl":"https:\/\/www.caviariste.com\/wp-content\/uploads\/2024\/11\/PACKSHOT.png","width":2000,"height":2000,"caption":"schrenki"},{"@type":"BreadcrumbList","@id":"https:\/\/www.caviariste.com\/produit\/caviar-schrenki-x-dauricus\/#breadcrumb","itemListElement":[{"@type":"ListItem","position":1,"name":"Accueil","item":"https:\/\/www.caviariste.com\/"},{"@type":"ListItem","position":2,"name":"Shop","item":"https:\/\/www.caviariste.com\/shop\/"},{"@type":"ListItem","position":3,"name":"Caviar Schrenki x Dauricus"}]},{"@type":"WebSite","@id":"https:\/\/www.caviariste.com\/#website","url":"https:\/\/www.caviariste.com\/","name":"Caviariste","description":"","publisher":{"@id":"https:\/\/www.caviariste.com\/#organization"},"potentialAction":[{"@type":"SearchAction","target":{"@type":"EntryPoint","urlTemplate":"https:\/\/www.caviariste.com\/?s={search_term_string}"},"query-input":{"@type":"PropertyValueSpecification","valueRequired":true,"valueName":"search_term_string"}}],"inLanguage":"fr-FR"},{"@type":"Organization","@id":"https:\/\/www.caviariste.com\/#organization","name":"Caviariste","url":"https:\/\/www.caviariste.com\/","logo":{"@type":"ImageObject","inLanguage":"fr-FR","@id":"https:\/\/www.caviariste.com\/#\/schema\/logo\/image\/","url":"https:\/\/www.caviariste.com\/wp-content\/uploads\/2023\/01\/logo-caviariste-300-60.png","contentUrl":"https:\/\/www.caviariste.com\/wp-content\/uploads\/2023\/01\/logo-caviariste-300-60.png","width":300,"height":60,"caption":"Caviariste"},"image":{"@id":"https:\/\/www.caviariste.com\/#\/schema\/logo\/image\/"}}]}},"_links":{"self":[{"href":"https:\/\/www.caviariste.com\/fr\/wp-json\/wp\/v2\/product\/2425","targetHints":{"allow":["GET"]}}],"collection":[{"href":"https:\/\/www.caviariste.com\/fr\/wp-json\/wp\/v2\/product"}],"about":[{"href":"https:\/\/www.caviariste.com\/fr\/wp-json\/wp\/v2\/types\/product"}],"replies":[{"embeddable":true,"href":"https:\/\/www.caviariste.com\/fr\/wp-json\/wp\/v2\/comments?post=2425"}],"wp:featuredmedia":[{"embeddable":true,"href":"https:\/\/www.caviariste.com\/fr\/wp-json\/wp\/v2\/media\/2431"}],"wp:attachment":[{"href":"https:\/\/www.caviariste.com\/fr\/wp-json\/wp\/v2\/media?parent=2425"}],"wp:term":[{"taxonomy":"product_brand","embeddable":true,"href":"https:\/\/www.caviariste.com\/fr\/wp-json\/wp\/v2\/product_brand?post=2425"},{"taxonomy":"product_cat","embeddable":true,"href":"https:\/\/www.caviariste.com\/fr\/wp-json\/wp\/v2\/product_cat?post=2425"},{"taxonomy":"product_tag","embeddable":true,"href":"https:\/\/www.caviariste.com\/fr\/wp-json\/wp\/v2\/product_tag?post=2425"}],"curies":[{"name":"wp","href":"https:\/\/api.w.org\/{rel}","templated":true}]}}