{"id":2397,"date":"2024-11-08T13:56:37","date_gmt":"2024-11-08T12:56:37","guid":{"rendered":"https:\/\/www.caviariste.com\/?post_type=product&#038;p=2397"},"modified":"2025-09-24T14:15:34","modified_gmt":"2025-09-24T12:15:34","slug":"beurre-de-homard","status":"publish","type":"product","link":"https:\/\/www.caviariste.com\/fr\/produit\/beurre-de-homard\/","title":{"rendered":"Beurre de homard"},"content":{"rendered":"<p><\/p>\n<div class=\"flex-shrink-0 flex flex-col relative items-end\">\n<div>\n<div class=\"pt-0\">\n<div class=\"gizmo-bot-avatar flex h-8 w-8 items-center justify-center overflow-hidden rounded-full\">\n<div class=\"relative p-1 rounded-sm flex items-center justify-center bg-token-main-surface-primary text-token-text-primary h-8 w-8\">D\u00e9couvrez le <strong>beurre de homard<\/strong>, une sp\u00e9cialit\u00e9 raffin\u00e9e qui sublime le go\u00fbt d\u00e9licat du homard. Confectionn\u00e9 de mani\u00e8re artisanale, ce beurre associe la richesse cr\u00e9meuse du beurre \u00e0 la saveur intense et iod\u00e9e du homard. Sa texture onctueuse et son go\u00fbt subtil de crustac\u00e9 apportent une touche d&rsquo;\u00e9l\u00e9gance \u00e0 toutes vos recettes. Id\u00e9al pour transformer un simple ap\u00e9ritif, il se savoure tartin\u00e9 sur du pain grill\u00e9, pour rehausser un plat de p\u00e2tes ou sublimer un risotto.<\/div>\n<div><\/div>\n<div>Vous pouvez r\u00e9aliser avec une bo\u00eete de 45g, environ 25 toasts.<\/div>\n<div><\/div>\n<\/div>\n<\/div>\n<\/div>\n<\/div>\n<div class=\"group\/conversation-turn relative flex w-full min-w-0 flex-col agent-turn\">\n<div class=\"flex-col gap-1 md:gap-3\">\n<div class=\"flex max-w-full flex-col flex-grow\">\n<div class=\"min-h-8 text-message flex w-full flex-col items-end gap-2 whitespace-normal break-words [.text-message+&amp;]:mt-5\" dir=\"auto\" data-message-author-role=\"assistant\" data-message-id=\"6b85abde-e540-4bea-958b-15d8ef8a4825\" data-message-model-slug=\"gpt-4o\">\n<div class=\"flex w-full flex-col gap-1 empty:hidden first:pt-[3px]\">\n<div class=\"markdown prose w-full break-words dark:prose-invert light\">\n<p><strong>CAVIARISTE<\/strong> vous invite \u00e0 d\u00e9couvrir l\u2019art du go\u00fbt avec le caviar et d\u2019autres tr\u00e9sors de la mer, pour une exp\u00e9rience gastronomique d\u2019exception.<\/p>\n<\/div>\n<\/div>\n<\/div>\n<\/div>\n<\/div>\n<\/div>\n<h2>Fiche technique<\/h2>\n<table>\n<tbody>\n<tr>\n<th>DLC<\/th>\n<td>4 mois<\/td>\n<\/tr>\n<tr>\n<th>Conservation<\/th>\n<td>Entre 0\/+4\u00b0c. Apr\u00e8s ouverture, \u00e0 consommer sous 48h.<\/td>\n<\/tr>\n<tr>\n<th>Format disponible<\/th>\n<td>45g<\/td>\n<\/tr>\n<tr>\n<th>Ingr\u00e9dients<\/th>\n<td>Beurre S\u00e9lection Bordier origine France. Lait (82%) mat.gr. <span style=\"font-family: inherit; font-size: inherit;\">Huile de p\u00e9pins de raison infus\u00e9e au Homard (20%) de la conserverie Groix et Nature (Huile de p\u00e9pins de raison (48%), HOMARD bleu (Homarus gammarus) (44%), aromate (8%): \u00e9chalotes, carottes, ail), algue Dulse (Palmaria palmata), sel, stabilisant: glyc\u00e9rol, ar\u00f4me homard &amp; E621, E160c.<\/span><\/td>\n<\/tr>\n<\/tbody>\n<\/table>\n<p><\/p>","protected":false},"excerpt":{"rendered":"<p>Une alternative originale aux beurres classiques, il se savoure fondu sur des l\u00e9gumes, dans un risotto ou simplement en tartinade pour l&rsquo;ap\u00e9ritif !<br \/>\n<a href=\"#tab-title-description\">Plus de d\u00e9tails<\/a><\/p>\n<p>&nbsp;<\/p>\n","protected":false},"featured_media":2506,"comment_status":"open","ping_status":"closed","template":"","meta":{"ocean_post_layout":"","ocean_both_sidebars_style":"","ocean_both_sidebars_content_width":0,"ocean_both_sidebars_sidebars_width":0,"ocean_sidebar":"0","ocean_second_sidebar":"0","ocean_disable_margins":"enable","ocean_add_body_class":"","ocean_shortcode_before_top_bar":"","ocean_shortcode_after_top_bar":"","ocean_shortcode_before_header":"","ocean_shortcode_after_header":"","ocean_has_shortcode":"","ocean_shortcode_after_title":"","ocean_shortcode_before_footer_widgets":"","ocean_shortcode_after_footer_widgets":"","ocean_shortcode_before_footer_bottom":"","ocean_shortcode_after_footer_bottom":"","ocean_display_top_bar":"default","ocean_display_header":"default","ocean_header_style":"","ocean_center_header_left_menu":"0","ocean_custom_header_template":"0","ocean_custom_logo":0,"ocean_custom_retina_logo":0,"ocean_custom_logo_max_width":0,"ocean_custom_logo_tablet_max_width":0,"ocean_custom_logo_mobile_max_width":0,"ocean_custom_logo_max_height":0,"ocean_custom_logo_tablet_max_height":0,"ocean_custom_logo_mobile_max_height":0,"ocean_header_custom_menu":"0","ocean_menu_typo_font_family":"0","ocean_menu_typo_font_subset":"","ocean_menu_typo_font_size":0,"ocean_menu_typo_font_size_tablet":0,"ocean_menu_typo_font_size_mobile":0,"ocean_menu_typo_font_size_unit":"px","ocean_menu_typo_font_weight":"","ocean_menu_typo_font_weight_tablet":"","ocean_menu_typo_font_weight_mobile":"","ocean_menu_typo_transform":"","ocean_menu_typo_transform_tablet":"","ocean_menu_typo_transform_mobile":"","ocean_menu_typo_line_height":0,"ocean_menu_typo_line_height_tablet":0,"ocean_menu_typo_line_height_mobile":0,"ocean_menu_typo_line_height_unit":"","ocean_menu_typo_spacing":0,"ocean_menu_typo_spacing_tablet":0,"ocean_menu_typo_spacing_mobile":0,"ocean_menu_typo_spacing_unit":"","ocean_menu_link_color":"","ocean_menu_link_color_hover":"","ocean_menu_link_color_active":"","ocean_menu_link_background":"","ocean_menu_link_hover_background":"","ocean_menu_link_active_background":"","ocean_menu_social_links_bg":"","ocean_menu_social_hover_links_bg":"","ocean_menu_social_links_color":"","ocean_menu_social_hover_links_color":"","ocean_disable_title":"default","ocean_disable_heading":"default","ocean_post_title":"","ocean_post_subheading":"","ocean_post_title_style":"","ocean_post_title_background_color":"","ocean_post_title_background":0,"ocean_post_title_bg_image_position":"","ocean_post_title_bg_image_attachment":"","ocean_post_title_bg_image_repeat":"","ocean_post_title_bg_image_size":"","ocean_post_title_height":0,"ocean_post_title_bg_overlay":0.5,"ocean_post_title_bg_overlay_color":"","ocean_disable_breadcrumbs":"default","ocean_breadcrumbs_color":"","ocean_breadcrumbs_separator_color":"","ocean_breadcrumbs_links_color":"","ocean_breadcrumbs_links_hover_color":"","ocean_display_footer_widgets":"default","ocean_display_footer_bottom":"default","ocean_custom_footer_template":"0","osh_disable_topbar_sticky":"default","osh_disable_header_sticky":"default","osh_sticky_header_style":"default","osh_sticky_header_effect":"","osh_custom_sticky_logo":0,"osh_custom_retina_sticky_logo":0,"osh_custom_sticky_logo_height":0,"osh_background_color":"","osh_links_color":"","osh_links_hover_color":"","osh_links_active_color":"","osh_links_bg_color":"","osh_links_hover_bg_color":"","osh_links_active_bg_color":"","osh_menu_social_links_color":"","osh_menu_social_hover_links_color":""},"product_brand":[],"product_cat":[32,41],"product_tag":[],"class_list":{"0":"post-2397","1":"product","2":"type-product","3":"status-publish","4":"has-post-thumbnail","6":"product_cat-caviar","7":"product_cat-epicerie-fine","9":"entry","10":"has-media","12":"first","13":"instock","14":"taxable","15":"shipping-taxable","16":"purchasable","17":"product-type-simple","18":"has-rating","19":"has-product-nav","20":"col","21":"span_1_of_3","22":"owp-content-center","23":"owp-thumbs-layout-horizontal","24":"owp-btn-normal","25":"owp-tabs-layout-horizontal","26":"has-no-thumbnails"},"yoast_head":"<!-- This site is optimized with the Yoast SEO plugin v27.4 - https:\/\/yoast.com\/product\/yoast-seo-wordpress\/ -->\n<title>Beurre de homard - Caviariste<\/title>\n<meta name=\"robots\" content=\"index, follow, max-snippet:-1, max-image-preview:large, max-video-preview:-1\" \/>\n<link rel=\"canonical\" href=\"https:\/\/www.caviariste.com\/produit\/beurre-de-homard\/\" \/>\n<meta property=\"og:locale\" content=\"fr_FR\" \/>\n<meta property=\"og:type\" content=\"article\" \/>\n<meta property=\"og:title\" content=\"[:fr]Beurre de homard[:en]Lobster Butter[:] - Caviariste\" \/>\n<meta property=\"og:description\" content=\"[:fr]Une alternative originale aux beurres classiques, il se savoure fondu sur des l\u00e9gumes, dans un risotto ou simplement en tartinade pour l&#039;ap\u00e9ritif ! Plus de d\u00e9tails  &nbsp;[:en]An original alternative to the classic butters, it is enjoyed melted on vegetables, in a risotto or simply spread for an aperitif! More details[:]\" \/>\n<meta property=\"og:url\" content=\"https:\/\/www.caviariste.com\/produit\/beurre-de-homard\/\" \/>\n<meta property=\"og:site_name\" content=\"Caviariste\" \/>\n<meta property=\"article:modified_time\" content=\"2025-09-24T12:15:34+00:00\" \/>\n<meta property=\"og:image\" content=\"https:\/\/www.caviariste.com\/wp-content\/uploads\/2024\/11\/Beurre-homard-Caviariste-1.png\" \/>\n\t<meta property=\"og:image:width\" content=\"500\" \/>\n\t<meta property=\"og:image:height\" content=\"500\" \/>\n\t<meta property=\"og:image:type\" content=\"image\/png\" \/>\n<meta name=\"twitter:card\" content=\"summary_large_image\" \/>\n<meta name=\"twitter:label1\" content=\"Dur\u00e9e de lecture estim\u00e9e\" \/>\n\t<meta name=\"twitter:data1\" content=\"2 minutes\" \/>\n<script type=\"application\/ld+json\" class=\"yoast-schema-graph\">{\"@context\":\"https:\\\/\\\/schema.org\",\"@graph\":[{\"@type\":\"WebPage\",\"@id\":\"https:\\\/\\\/www.caviariste.com\\\/produit\\\/beurre-de-homard\\\/\",\"url\":\"https:\\\/\\\/www.caviariste.com\\\/produit\\\/beurre-de-homard\\\/\",\"name\":\"[:fr]Beurre de homard[:en]Lobster Butter[:] - Caviariste\",\"isPartOf\":{\"@id\":\"https:\\\/\\\/www.caviariste.com\\\/#website\"},\"primaryImageOfPage\":{\"@id\":\"https:\\\/\\\/www.caviariste.com\\\/produit\\\/beurre-de-homard\\\/#primaryimage\"},\"image\":{\"@id\":\"https:\\\/\\\/www.caviariste.com\\\/produit\\\/beurre-de-homard\\\/#primaryimage\"},\"thumbnailUrl\":\"https:\\\/\\\/www.caviariste.com\\\/wp-content\\\/uploads\\\/2024\\\/11\\\/Beurre-homard-Caviariste-1.png\",\"datePublished\":\"2024-11-08T12:56:37+00:00\",\"dateModified\":\"2025-09-24T12:15:34+00:00\",\"breadcrumb\":{\"@id\":\"https:\\\/\\\/www.caviariste.com\\\/produit\\\/beurre-de-homard\\\/#breadcrumb\"},\"inLanguage\":\"fr-FR\",\"potentialAction\":[{\"@type\":\"ReadAction\",\"target\":[\"https:\\\/\\\/www.caviariste.com\\\/produit\\\/beurre-de-homard\\\/\"]}]},{\"@type\":\"ImageObject\",\"inLanguage\":\"fr-FR\",\"@id\":\"https:\\\/\\\/www.caviariste.com\\\/produit\\\/beurre-de-homard\\\/#primaryimage\",\"url\":\"https:\\\/\\\/www.caviariste.com\\\/wp-content\\\/uploads\\\/2024\\\/11\\\/Beurre-homard-Caviariste-1.png\",\"contentUrl\":\"https:\\\/\\\/www.caviariste.com\\\/wp-content\\\/uploads\\\/2024\\\/11\\\/Beurre-homard-Caviariste-1.png\",\"width\":500,\"height\":500,\"caption\":\"beurre homard\"},{\"@type\":\"BreadcrumbList\",\"@id\":\"https:\\\/\\\/www.caviariste.com\\\/produit\\\/beurre-de-homard\\\/#breadcrumb\",\"itemListElement\":[{\"@type\":\"ListItem\",\"position\":1,\"name\":\"Accueil\",\"item\":\"https:\\\/\\\/www.caviariste.com\\\/\"},{\"@type\":\"ListItem\",\"position\":2,\"name\":\"Shop\",\"item\":\"https:\\\/\\\/www.caviariste.com\\\/shop\\\/\"},{\"@type\":\"ListItem\",\"position\":3,\"name\":\"Beurre de homard\"}]},{\"@type\":\"WebSite\",\"@id\":\"https:\\\/\\\/www.caviariste.com\\\/#website\",\"url\":\"https:\\\/\\\/www.caviariste.com\\\/\",\"name\":\"Caviariste\",\"description\":\"\",\"publisher\":{\"@id\":\"https:\\\/\\\/www.caviariste.com\\\/#organization\"},\"potentialAction\":[{\"@type\":\"SearchAction\",\"target\":{\"@type\":\"EntryPoint\",\"urlTemplate\":\"https:\\\/\\\/www.caviariste.com\\\/?s={search_term_string}\"},\"query-input\":{\"@type\":\"PropertyValueSpecification\",\"valueRequired\":true,\"valueName\":\"search_term_string\"}}],\"inLanguage\":\"fr-FR\"},{\"@type\":\"Organization\",\"@id\":\"https:\\\/\\\/www.caviariste.com\\\/#organization\",\"name\":\"Caviariste\",\"url\":\"https:\\\/\\\/www.caviariste.com\\\/\",\"logo\":{\"@type\":\"ImageObject\",\"inLanguage\":\"fr-FR\",\"@id\":\"https:\\\/\\\/www.caviariste.com\\\/#\\\/schema\\\/logo\\\/image\\\/\",\"url\":\"https:\\\/\\\/www.caviariste.com\\\/wp-content\\\/uploads\\\/2023\\\/01\\\/logo-caviariste-300-60.png\",\"contentUrl\":\"https:\\\/\\\/www.caviariste.com\\\/wp-content\\\/uploads\\\/2023\\\/01\\\/logo-caviariste-300-60.png\",\"width\":300,\"height\":60,\"caption\":\"Caviariste\"},\"image\":{\"@id\":\"https:\\\/\\\/www.caviariste.com\\\/#\\\/schema\\\/logo\\\/image\\\/\"}}]}<\/script>\n<!-- \/ Yoast SEO plugin. -->","yoast_head_json":{"title":"[:fr]Beurre de homard[:en]Lobster Butter[:] - Caviariste","robots":{"index":"index","follow":"follow","max-snippet":"max-snippet:-1","max-image-preview":"max-image-preview:large","max-video-preview":"max-video-preview:-1"},"canonical":"https:\/\/www.caviariste.com\/produit\/beurre-de-homard\/","og_locale":"fr_FR","og_type":"article","og_title":"[:fr]Beurre de homard[:en]Lobster Butter[:] - Caviariste","og_description":"[:fr]Une alternative originale aux beurres classiques, il se savoure fondu sur des l\u00e9gumes, dans un risotto ou simplement en tartinade pour l'ap\u00e9ritif ! Plus de d\u00e9tails  &nbsp;[:en]An original alternative to the classic butters, it is enjoyed melted on vegetables, in a risotto or simply spread for an aperitif! More details[:]","og_url":"https:\/\/www.caviariste.com\/produit\/beurre-de-homard\/","og_site_name":"Caviariste","article_modified_time":"2025-09-24T12:15:34+00:00","og_image":[{"width":500,"height":500,"url":"https:\/\/www.caviariste.com\/wp-content\/uploads\/2024\/11\/Beurre-homard-Caviariste-1.png","type":"image\/png"}],"twitter_card":"summary_large_image","twitter_misc":{"Dur\u00e9e de lecture estim\u00e9e":"2 minutes"},"schema":{"@context":"https:\/\/schema.org","@graph":[{"@type":"WebPage","@id":"https:\/\/www.caviariste.com\/produit\/beurre-de-homard\/","url":"https:\/\/www.caviariste.com\/produit\/beurre-de-homard\/","name":"[:fr]Beurre de homard[:en]Lobster Butter[:] - Caviariste","isPartOf":{"@id":"https:\/\/www.caviariste.com\/#website"},"primaryImageOfPage":{"@id":"https:\/\/www.caviariste.com\/produit\/beurre-de-homard\/#primaryimage"},"image":{"@id":"https:\/\/www.caviariste.com\/produit\/beurre-de-homard\/#primaryimage"},"thumbnailUrl":"https:\/\/www.caviariste.com\/wp-content\/uploads\/2024\/11\/Beurre-homard-Caviariste-1.png","datePublished":"2024-11-08T12:56:37+00:00","dateModified":"2025-09-24T12:15:34+00:00","breadcrumb":{"@id":"https:\/\/www.caviariste.com\/produit\/beurre-de-homard\/#breadcrumb"},"inLanguage":"fr-FR","potentialAction":[{"@type":"ReadAction","target":["https:\/\/www.caviariste.com\/produit\/beurre-de-homard\/"]}]},{"@type":"ImageObject","inLanguage":"fr-FR","@id":"https:\/\/www.caviariste.com\/produit\/beurre-de-homard\/#primaryimage","url":"https:\/\/www.caviariste.com\/wp-content\/uploads\/2024\/11\/Beurre-homard-Caviariste-1.png","contentUrl":"https:\/\/www.caviariste.com\/wp-content\/uploads\/2024\/11\/Beurre-homard-Caviariste-1.png","width":500,"height":500,"caption":"beurre homard"},{"@type":"BreadcrumbList","@id":"https:\/\/www.caviariste.com\/produit\/beurre-de-homard\/#breadcrumb","itemListElement":[{"@type":"ListItem","position":1,"name":"Accueil","item":"https:\/\/www.caviariste.com\/"},{"@type":"ListItem","position":2,"name":"Shop","item":"https:\/\/www.caviariste.com\/shop\/"},{"@type":"ListItem","position":3,"name":"Beurre de homard"}]},{"@type":"WebSite","@id":"https:\/\/www.caviariste.com\/#website","url":"https:\/\/www.caviariste.com\/","name":"Caviariste","description":"","publisher":{"@id":"https:\/\/www.caviariste.com\/#organization"},"potentialAction":[{"@type":"SearchAction","target":{"@type":"EntryPoint","urlTemplate":"https:\/\/www.caviariste.com\/?s={search_term_string}"},"query-input":{"@type":"PropertyValueSpecification","valueRequired":true,"valueName":"search_term_string"}}],"inLanguage":"fr-FR"},{"@type":"Organization","@id":"https:\/\/www.caviariste.com\/#organization","name":"Caviariste","url":"https:\/\/www.caviariste.com\/","logo":{"@type":"ImageObject","inLanguage":"fr-FR","@id":"https:\/\/www.caviariste.com\/#\/schema\/logo\/image\/","url":"https:\/\/www.caviariste.com\/wp-content\/uploads\/2023\/01\/logo-caviariste-300-60.png","contentUrl":"https:\/\/www.caviariste.com\/wp-content\/uploads\/2023\/01\/logo-caviariste-300-60.png","width":300,"height":60,"caption":"Caviariste"},"image":{"@id":"https:\/\/www.caviariste.com\/#\/schema\/logo\/image\/"}}]}},"_links":{"self":[{"href":"https:\/\/www.caviariste.com\/fr\/wp-json\/wp\/v2\/product\/2397","targetHints":{"allow":["GET"]}}],"collection":[{"href":"https:\/\/www.caviariste.com\/fr\/wp-json\/wp\/v2\/product"}],"about":[{"href":"https:\/\/www.caviariste.com\/fr\/wp-json\/wp\/v2\/types\/product"}],"replies":[{"embeddable":true,"href":"https:\/\/www.caviariste.com\/fr\/wp-json\/wp\/v2\/comments?post=2397"}],"wp:featuredmedia":[{"embeddable":true,"href":"https:\/\/www.caviariste.com\/fr\/wp-json\/wp\/v2\/media\/2506"}],"wp:attachment":[{"href":"https:\/\/www.caviariste.com\/fr\/wp-json\/wp\/v2\/media?parent=2397"}],"wp:term":[{"taxonomy":"product_brand","embeddable":true,"href":"https:\/\/www.caviariste.com\/fr\/wp-json\/wp\/v2\/product_brand?post=2397"},{"taxonomy":"product_cat","embeddable":true,"href":"https:\/\/www.caviariste.com\/fr\/wp-json\/wp\/v2\/product_cat?post=2397"},{"taxonomy":"product_tag","embeddable":true,"href":"https:\/\/www.caviariste.com\/fr\/wp-json\/wp\/v2\/product_tag?post=2397"}],"curies":[{"name":"wp","href":"https:\/\/api.w.org\/{rel}","templated":true}]}}