{"id":2409,"date":"2024-11-28T16:10:41","date_gmt":"2024-11-28T15:10:41","guid":{"rendered":"https:\/\/www.caviariste.com\/?post_type=product&#038;p=2409"},"modified":"2024-12-18T08:33:15","modified_gmt":"2024-12-18T07:33:15","slug":"esturgeon-fume","status":"publish","type":"product","link":"https:\/\/www.caviariste.com\/en\/produit\/esturgeon-fume\/","title":{"rendered":"Smoked sturgeon"},"content":{"rendered":"<p>Sturgeon is not only made of caviar! The flesh is transformed into a delicacy thanks to a traditional hot smoking process. This gives the sturgeon a soft texture and a subtle smoked taste. An original recipe for a change from the classic smoked salmon, it can be eaten sliced as an aperitif, in a salad or a cake!<\/p>\n<p>CAVIARISTE introduces you to caviar but also to sturgeon under all its forms, with more to come&#8230;<\/p>\n<h2>Technical sheet<\/h2>\n<table>\n<tbody>\n<tr>\n<th>Use by date<\/th>\n<td>21 days<\/td>\n<\/tr>\n<tr>\n<th>Conservation<\/th>\n<td>Between 0\/+4\u00b0c. After opening, consume within 3 days.<\/td>\n<\/tr>\n<tr>\n<th>Available formats<\/th>\n<td>4 slices 160g, 300g<\/td>\n<\/tr>\n<tr>\n<th>Ingredients<\/th>\n<td>Origin : France.<br \/>\nIngredients : Sturgeon (Acipenser Baerii) (FISH), salt<\/td>\n<\/tr>\n<\/tbody>\n<\/table>\n<p><\/p>","protected":false},"excerpt":{"rendered":"<p>Sturgeon is not only made of caviar! The flesh is transformed into a delicacy thanks to a traditional hot smoking process.<br \/>\n<a href=\"#tab-title-description\">More details<\/a><\/p>\n","protected":false},"featured_media":1906,"comment_status":"open","ping_status":"closed","template":"","meta":{"ocean_post_layout":"","ocean_both_sidebars_style":"","ocean_both_sidebars_content_width":0,"ocean_both_sidebars_sidebars_width":0,"ocean_sidebar":"0","ocean_second_sidebar":"0","ocean_disable_margins":"enable","ocean_add_body_class":"","ocean_shortcode_before_top_bar":"","ocean_shortcode_after_top_bar":"","ocean_shortcode_before_header":"","ocean_shortcode_after_header":"","ocean_has_shortcode":"","ocean_shortcode_after_title":"","ocean_shortcode_before_footer_widgets":"","ocean_shortcode_after_footer_widgets":"","ocean_shortcode_before_footer_bottom":"","ocean_shortcode_after_footer_bottom":"","ocean_display_top_bar":"default","ocean_display_header":"default","ocean_header_style":"","ocean_center_header_left_menu":"0","ocean_custom_header_template":"0","ocean_custom_logo":0,"ocean_custom_retina_logo":0,"ocean_custom_logo_max_width":0,"ocean_custom_logo_tablet_max_width":0,"ocean_custom_logo_mobile_max_width":0,"ocean_custom_logo_max_height":0,"ocean_custom_logo_tablet_max_height":0,"ocean_custom_logo_mobile_max_height":0,"ocean_header_custom_menu":"0","ocean_menu_typo_font_family":"0","ocean_menu_typo_font_subset":"","ocean_menu_typo_font_size":0,"ocean_menu_typo_font_size_tablet":0,"ocean_menu_typo_font_size_mobile":0,"ocean_menu_typo_font_size_unit":"px","ocean_menu_typo_font_weight":"","ocean_menu_typo_font_weight_tablet":"","ocean_menu_typo_font_weight_mobile":"","ocean_menu_typo_transform":"","ocean_menu_typo_transform_tablet":"","ocean_menu_typo_transform_mobile":"","ocean_menu_typo_line_height":0,"ocean_menu_typo_line_height_tablet":0,"ocean_menu_typo_line_height_mobile":0,"ocean_menu_typo_line_height_unit":"","ocean_menu_typo_spacing":0,"ocean_menu_typo_spacing_tablet":0,"ocean_menu_typo_spacing_mobile":0,"ocean_menu_typo_spacing_unit":"","ocean_menu_link_color":"","ocean_menu_link_color_hover":"","ocean_menu_link_color_active":"","ocean_menu_link_background":"","ocean_menu_link_hover_background":"","ocean_menu_link_active_background":"","ocean_menu_social_links_bg":"","ocean_menu_social_hover_links_bg":"","ocean_menu_social_links_color":"","ocean_menu_social_hover_links_color":"","ocean_disable_title":"default","ocean_disable_heading":"default","ocean_post_title":"","ocean_post_subheading":"","ocean_post_title_style":"","ocean_post_title_background_color":"","ocean_post_title_background":0,"ocean_post_title_bg_image_position":"","ocean_post_title_bg_image_attachment":"","ocean_post_title_bg_image_repeat":"","ocean_post_title_bg_image_size":"","ocean_post_title_height":0,"ocean_post_title_bg_overlay":0.5,"ocean_post_title_bg_overlay_color":"","ocean_disable_breadcrumbs":"default","ocean_breadcrumbs_color":"","ocean_breadcrumbs_separator_color":"","ocean_breadcrumbs_links_color":"","ocean_breadcrumbs_links_hover_color":"","ocean_display_footer_widgets":"default","ocean_display_footer_bottom":"default","ocean_custom_footer_template":"0","osh_disable_topbar_sticky":"default","osh_disable_header_sticky":"default","osh_sticky_header_style":"default","osh_sticky_header_effect":"","osh_custom_sticky_logo":0,"osh_custom_retina_sticky_logo":0,"osh_custom_sticky_logo_height":0,"osh_background_color":"","osh_links_color":"","osh_links_hover_color":"","osh_links_active_color":"","osh_links_bg_color":"","osh_links_hover_bg_color":"","osh_links_active_bg_color":"","osh_menu_social_links_color":"","osh_menu_social_hover_links_color":""},"product_brand":[],"product_cat":[41],"product_tag":[],"class_list":{"0":"post-2409","1":"product","2":"type-product","3":"status-publish","4":"has-post-thumbnail","6":"product_cat-epicerie-fine","8":"entry","9":"has-media","11":"first","12":"outofstock","13":"taxable","14":"shipping-taxable","15":"product-type-variable","16":"has-default-attributes","17":"has-product-nav","18":"col","19":"span_1_of_3","20":"owp-content-center","21":"owp-thumbs-layout-horizontal","22":"owp-btn-normal","23":"owp-tabs-layout-horizontal","24":"has-no-thumbnails"},"yoast_head":"<!-- This site is optimized with the Yoast SEO plugin v27.4 - https:\/\/yoast.com\/product\/yoast-seo-wordpress\/ -->\n<title>Smoked sturgeon - Caviariste<\/title>\n<meta name=\"robots\" content=\"index, follow, max-snippet:-1, max-image-preview:large, max-video-preview:-1\" \/>\n<link rel=\"canonical\" href=\"https:\/\/www.caviariste.com\/produit\/esturgeon-fume\/\" \/>\n<meta property=\"og:locale\" content=\"en_US\" \/>\n<meta property=\"og:type\" content=\"article\" \/>\n<meta property=\"og:title\" content=\"[:fr]Esturgeon fum\u00e9[:en]Smoked sturgeon[:] - Caviariste\" \/>\n<meta property=\"og:description\" content=\"[:fr]Dans l\u2019esturgeon, il y a les \u0153ufs mais pas que ! Les chairs sont sublim\u00e9es gr\u00e2ce \u00e0 un fumage \u00e0 chaud artisanal Plus de d\u00e9tails  &nbsp;[:en]Sturgeon is not only made of caviar! The flesh is transformed into a delicacy thanks to a traditional hot smoking process. More details[:]\" \/>\n<meta property=\"og:url\" content=\"https:\/\/www.caviariste.com\/produit\/esturgeon-fume\/\" \/>\n<meta property=\"og:site_name\" content=\"Caviariste\" \/>\n<meta property=\"article:modified_time\" content=\"2024-12-18T07:33:15+00:00\" \/>\n<meta property=\"og:image\" content=\"https:\/\/www.caviariste.com\/wp-content\/uploads\/2023\/02\/esturgeon-fume-500.png\" \/>\n\t<meta property=\"og:image:width\" content=\"500\" \/>\n\t<meta property=\"og:image:height\" content=\"500\" \/>\n\t<meta property=\"og:image:type\" content=\"image\/png\" \/>\n<meta name=\"twitter:card\" content=\"summary_large_image\" \/>\n<meta name=\"twitter:label1\" content=\"Est. reading time\" \/>\n\t<meta name=\"twitter:data1\" content=\"1 minute\" \/>\n<script type=\"application\/ld+json\" class=\"yoast-schema-graph\">{\"@context\":\"https:\\\/\\\/schema.org\",\"@graph\":[{\"@type\":\"WebPage\",\"@id\":\"https:\\\/\\\/www.caviariste.com\\\/produit\\\/esturgeon-fume\\\/\",\"url\":\"https:\\\/\\\/www.caviariste.com\\\/produit\\\/esturgeon-fume\\\/\",\"name\":\"[:fr]Esturgeon fum\u00e9[:en]Smoked sturgeon[:] - Caviariste\",\"isPartOf\":{\"@id\":\"https:\\\/\\\/www.caviariste.com\\\/#website\"},\"primaryImageOfPage\":{\"@id\":\"https:\\\/\\\/www.caviariste.com\\\/produit\\\/esturgeon-fume\\\/#primaryimage\"},\"image\":{\"@id\":\"https:\\\/\\\/www.caviariste.com\\\/produit\\\/esturgeon-fume\\\/#primaryimage\"},\"thumbnailUrl\":\"https:\\\/\\\/www.caviariste.com\\\/wp-content\\\/uploads\\\/2023\\\/02\\\/esturgeon-fume-500.png\",\"datePublished\":\"2024-11-28T15:10:41+00:00\",\"dateModified\":\"2024-12-18T07:33:15+00:00\",\"breadcrumb\":{\"@id\":\"https:\\\/\\\/www.caviariste.com\\\/produit\\\/esturgeon-fume\\\/#breadcrumb\"},\"inLanguage\":\"en-US\",\"potentialAction\":[{\"@type\":\"ReadAction\",\"target\":[\"https:\\\/\\\/www.caviariste.com\\\/produit\\\/esturgeon-fume\\\/\"]}]},{\"@type\":\"ImageObject\",\"inLanguage\":\"en-US\",\"@id\":\"https:\\\/\\\/www.caviariste.com\\\/produit\\\/esturgeon-fume\\\/#primaryimage\",\"url\":\"https:\\\/\\\/www.caviariste.com\\\/wp-content\\\/uploads\\\/2023\\\/02\\\/esturgeon-fume-500.png\",\"contentUrl\":\"https:\\\/\\\/www.caviariste.com\\\/wp-content\\\/uploads\\\/2023\\\/02\\\/esturgeon-fume-500.png\",\"width\":500,\"height\":500,\"caption\":\"esturgeon fum\u00e9\"},{\"@type\":\"BreadcrumbList\",\"@id\":\"https:\\\/\\\/www.caviariste.com\\\/produit\\\/esturgeon-fume\\\/#breadcrumb\",\"itemListElement\":[{\"@type\":\"ListItem\",\"position\":1,\"name\":\"Accueil\",\"item\":\"https:\\\/\\\/www.caviariste.com\\\/\"},{\"@type\":\"ListItem\",\"position\":2,\"name\":\"Shop\",\"item\":\"https:\\\/\\\/www.caviariste.com\\\/shop\\\/\"},{\"@type\":\"ListItem\",\"position\":3,\"name\":\"Esturgeon fum\u00e9\"}]},{\"@type\":\"WebSite\",\"@id\":\"https:\\\/\\\/www.caviariste.com\\\/#website\",\"url\":\"https:\\\/\\\/www.caviariste.com\\\/\",\"name\":\"Caviariste\",\"description\":\"\",\"publisher\":{\"@id\":\"https:\\\/\\\/www.caviariste.com\\\/#organization\"},\"potentialAction\":[{\"@type\":\"SearchAction\",\"target\":{\"@type\":\"EntryPoint\",\"urlTemplate\":\"https:\\\/\\\/www.caviariste.com\\\/?s={search_term_string}\"},\"query-input\":{\"@type\":\"PropertyValueSpecification\",\"valueRequired\":true,\"valueName\":\"search_term_string\"}}],\"inLanguage\":\"en-US\"},{\"@type\":\"Organization\",\"@id\":\"https:\\\/\\\/www.caviariste.com\\\/#organization\",\"name\":\"Caviariste\",\"url\":\"https:\\\/\\\/www.caviariste.com\\\/\",\"logo\":{\"@type\":\"ImageObject\",\"inLanguage\":\"en-US\",\"@id\":\"https:\\\/\\\/www.caviariste.com\\\/#\\\/schema\\\/logo\\\/image\\\/\",\"url\":\"https:\\\/\\\/www.caviariste.com\\\/wp-content\\\/uploads\\\/2023\\\/01\\\/logo-caviariste-300-60.png\",\"contentUrl\":\"https:\\\/\\\/www.caviariste.com\\\/wp-content\\\/uploads\\\/2023\\\/01\\\/logo-caviariste-300-60.png\",\"width\":300,\"height\":60,\"caption\":\"Caviariste\"},\"image\":{\"@id\":\"https:\\\/\\\/www.caviariste.com\\\/#\\\/schema\\\/logo\\\/image\\\/\"}}]}<\/script>\n<!-- \/ Yoast SEO plugin. -->","yoast_head_json":{"title":"[:fr]Esturgeon fum\u00e9[:en]Smoked sturgeon[:] - Caviariste","robots":{"index":"index","follow":"follow","max-snippet":"max-snippet:-1","max-image-preview":"max-image-preview:large","max-video-preview":"max-video-preview:-1"},"canonical":"https:\/\/www.caviariste.com\/produit\/esturgeon-fume\/","og_locale":"en_US","og_type":"article","og_title":"[:fr]Esturgeon fum\u00e9[:en]Smoked sturgeon[:] - Caviariste","og_description":"[:fr]Dans l\u2019esturgeon, il y a les \u0153ufs mais pas que ! Les chairs sont sublim\u00e9es gr\u00e2ce \u00e0 un fumage \u00e0 chaud artisanal Plus de d\u00e9tails  &nbsp;[:en]Sturgeon is not only made of caviar! The flesh is transformed into a delicacy thanks to a traditional hot smoking process. More details[:]","og_url":"https:\/\/www.caviariste.com\/produit\/esturgeon-fume\/","og_site_name":"Caviariste","article_modified_time":"2024-12-18T07:33:15+00:00","og_image":[{"width":500,"height":500,"url":"https:\/\/www.caviariste.com\/wp-content\/uploads\/2023\/02\/esturgeon-fume-500.png","type":"image\/png"}],"twitter_card":"summary_large_image","twitter_misc":{"Est. reading time":"1 minute"},"schema":{"@context":"https:\/\/schema.org","@graph":[{"@type":"WebPage","@id":"https:\/\/www.caviariste.com\/produit\/esturgeon-fume\/","url":"https:\/\/www.caviariste.com\/produit\/esturgeon-fume\/","name":"[:fr]Esturgeon fum\u00e9[:en]Smoked sturgeon[:] - Caviariste","isPartOf":{"@id":"https:\/\/www.caviariste.com\/#website"},"primaryImageOfPage":{"@id":"https:\/\/www.caviariste.com\/produit\/esturgeon-fume\/#primaryimage"},"image":{"@id":"https:\/\/www.caviariste.com\/produit\/esturgeon-fume\/#primaryimage"},"thumbnailUrl":"https:\/\/www.caviariste.com\/wp-content\/uploads\/2023\/02\/esturgeon-fume-500.png","datePublished":"2024-11-28T15:10:41+00:00","dateModified":"2024-12-18T07:33:15+00:00","breadcrumb":{"@id":"https:\/\/www.caviariste.com\/produit\/esturgeon-fume\/#breadcrumb"},"inLanguage":"en-US","potentialAction":[{"@type":"ReadAction","target":["https:\/\/www.caviariste.com\/produit\/esturgeon-fume\/"]}]},{"@type":"ImageObject","inLanguage":"en-US","@id":"https:\/\/www.caviariste.com\/produit\/esturgeon-fume\/#primaryimage","url":"https:\/\/www.caviariste.com\/wp-content\/uploads\/2023\/02\/esturgeon-fume-500.png","contentUrl":"https:\/\/www.caviariste.com\/wp-content\/uploads\/2023\/02\/esturgeon-fume-500.png","width":500,"height":500,"caption":"esturgeon fum\u00e9"},{"@type":"BreadcrumbList","@id":"https:\/\/www.caviariste.com\/produit\/esturgeon-fume\/#breadcrumb","itemListElement":[{"@type":"ListItem","position":1,"name":"Accueil","item":"https:\/\/www.caviariste.com\/"},{"@type":"ListItem","position":2,"name":"Shop","item":"https:\/\/www.caviariste.com\/shop\/"},{"@type":"ListItem","position":3,"name":"Esturgeon fum\u00e9"}]},{"@type":"WebSite","@id":"https:\/\/www.caviariste.com\/#website","url":"https:\/\/www.caviariste.com\/","name":"Caviariste","description":"","publisher":{"@id":"https:\/\/www.caviariste.com\/#organization"},"potentialAction":[{"@type":"SearchAction","target":{"@type":"EntryPoint","urlTemplate":"https:\/\/www.caviariste.com\/?s={search_term_string}"},"query-input":{"@type":"PropertyValueSpecification","valueRequired":true,"valueName":"search_term_string"}}],"inLanguage":"en-US"},{"@type":"Organization","@id":"https:\/\/www.caviariste.com\/#organization","name":"Caviariste","url":"https:\/\/www.caviariste.com\/","logo":{"@type":"ImageObject","inLanguage":"en-US","@id":"https:\/\/www.caviariste.com\/#\/schema\/logo\/image\/","url":"https:\/\/www.caviariste.com\/wp-content\/uploads\/2023\/01\/logo-caviariste-300-60.png","contentUrl":"https:\/\/www.caviariste.com\/wp-content\/uploads\/2023\/01\/logo-caviariste-300-60.png","width":300,"height":60,"caption":"Caviariste"},"image":{"@id":"https:\/\/www.caviariste.com\/#\/schema\/logo\/image\/"}}]}},"_links":{"self":[{"href":"https:\/\/www.caviariste.com\/en\/wp-json\/wp\/v2\/product\/2409","targetHints":{"allow":["GET"]}}],"collection":[{"href":"https:\/\/www.caviariste.com\/en\/wp-json\/wp\/v2\/product"}],"about":[{"href":"https:\/\/www.caviariste.com\/en\/wp-json\/wp\/v2\/types\/product"}],"replies":[{"embeddable":true,"href":"https:\/\/www.caviariste.com\/en\/wp-json\/wp\/v2\/comments?post=2409"}],"wp:featuredmedia":[{"embeddable":true,"href":"https:\/\/www.caviariste.com\/en\/wp-json\/wp\/v2\/media\/1906"}],"wp:attachment":[{"href":"https:\/\/www.caviariste.com\/en\/wp-json\/wp\/v2\/media?parent=2409"}],"wp:term":[{"taxonomy":"product_brand","embeddable":true,"href":"https:\/\/www.caviariste.com\/en\/wp-json\/wp\/v2\/product_brand?post=2409"},{"taxonomy":"product_cat","embeddable":true,"href":"https:\/\/www.caviariste.com\/en\/wp-json\/wp\/v2\/product_cat?post=2409"},{"taxonomy":"product_tag","embeddable":true,"href":"https:\/\/www.caviariste.com\/en\/wp-json\/wp\/v2\/product_tag?post=2409"}],"curies":[{"name":"wp","href":"https:\/\/api.w.org\/{rel}","templated":true}]}}