{"id":2292,"date":"2022-09-26T15:35:33","date_gmt":"2022-09-26T13:35:33","guid":{"rendered":"https:\/\/www.caviariste.com\/?post_type=product&#038;p=2292"},"modified":"2025-02-06T15:58:00","modified_gmt":"2025-02-06T14:58:00","slug":"caviar-baeri-origine-france","status":"publish","type":"product","link":"https:\/\/www.caviariste.com\/en\/produit\/caviar-baeri-origine-france\/","title":{"rendered":"Caviar Baeri (Copy)"},"content":{"rendered":"<p>Caviar Baerii is a very nice introduction to caviar. It is also the &#8220;reasonable&#8221; favorite of caviar amateurs who want to treat themselves to a little pleasure alone or to share.<\/p>\n<p>This caviar is easy to enjoy for a first tasting or for a chic aperitif with its clean and iodised taste, revealing notes of dried fruit and a balanced length in the mouth. Baerii caviar grains are like little pearls: they are small in size and dark and shiny in appearance.<\/p>\n<p>This caviar comes from the Siberian sturgeon, Acipenser Baeri, the most commonly farmed as it was the first one to be bred: it reaches maturity between 6 and 8 years.<\/p>\n<h2>Technical sheet<\/h2>\n<table>\n<tbody>\n<tr>\n<th>DDM<\/th>\n<td>2 months<\/td>\n<\/tr>\n<tr>\n<th>Conservation<\/th>\n<td>Between 0\/+4\u00b0c. After opening, consumer within 3 days.<\/td>\n<\/tr>\n<tr>\n<th>Format disponible<\/th>\n<td>30g, 50g, 100g, 250g, 500g<\/td>\n<\/tr>\n<tr>\n<th>Ingr\u00e9dients<\/th>\n<td>Origin : Europe.<br \/>\nIngredients : Sturgeon eggs (Acipenser Baerii), salt, E285<\/td>\n<\/tr>\n<\/tbody>\n<\/table>\n<p><\/p>","protected":false},"excerpt":{"rendered":"<p>Caviar Baerii is a very nice introduction to caviar. It is also the &#8220;reasonable&#8221; favorite of caviar amateurs who want to treat themselves to a little pleasure alone or to share.<br \/>\n<a href=\"#tab-title-description\">More details<\/a><\/p>\n<p><img decoding=\"async\" class=\"size-full wp-image-1858 alignnone\" src=\"https:\/\/www.caviariste.com\/wp-content\/uploads\/2023\/01\/encart-baeri-1-70.png\" alt=\"\" width=\"300\" height=\"70\" \/><img decoding=\"async\" class=\"size-full wp-image-1859 alignnone\" src=\"https:\/\/www.caviariste.com\/wp-content\/uploads\/2023\/01\/encart-baeri-taille-70.png\" alt=\"\" width=\"99\" height=\"70\" \/><\/p>\n","protected":false},"featured_media":2301,"comment_status":"open","ping_status":"closed","template":"","meta":{"ocean_post_layout":"","ocean_both_sidebars_style":"","ocean_both_sidebars_content_width":0,"ocean_both_sidebars_sidebars_width":0,"ocean_sidebar":"0","ocean_second_sidebar":"0","ocean_disable_margins":"enable","ocean_add_body_class":"","ocean_shortcode_before_top_bar":"","ocean_shortcode_after_top_bar":"","ocean_shortcode_before_header":"","ocean_shortcode_after_header":"","ocean_has_shortcode":"","ocean_shortcode_after_title":"","ocean_shortcode_before_footer_widgets":"","ocean_shortcode_after_footer_widgets":"","ocean_shortcode_before_footer_bottom":"","ocean_shortcode_after_footer_bottom":"","ocean_display_top_bar":"default","ocean_display_header":"default","ocean_header_style":"","ocean_center_header_left_menu":"0","ocean_custom_header_template":"0","ocean_custom_logo":0,"ocean_custom_retina_logo":0,"ocean_custom_logo_max_width":0,"ocean_custom_logo_tablet_max_width":0,"ocean_custom_logo_mobile_max_width":0,"ocean_custom_logo_max_height":0,"ocean_custom_logo_tablet_max_height":0,"ocean_custom_logo_mobile_max_height":0,"ocean_header_custom_menu":"0","ocean_menu_typo_font_family":"0","ocean_menu_typo_font_subset":"","ocean_menu_typo_font_size":0,"ocean_menu_typo_font_size_tablet":0,"ocean_menu_typo_font_size_mobile":0,"ocean_menu_typo_font_size_unit":"px","ocean_menu_typo_font_weight":"","ocean_menu_typo_font_weight_tablet":"","ocean_menu_typo_font_weight_mobile":"","ocean_menu_typo_transform":"","ocean_menu_typo_transform_tablet":"","ocean_menu_typo_transform_mobile":"","ocean_menu_typo_line_height":0,"ocean_menu_typo_line_height_tablet":0,"ocean_menu_typo_line_height_mobile":0,"ocean_menu_typo_line_height_unit":"","ocean_menu_typo_spacing":0,"ocean_menu_typo_spacing_tablet":0,"ocean_menu_typo_spacing_mobile":0,"ocean_menu_typo_spacing_unit":"","ocean_menu_link_color":"","ocean_menu_link_color_hover":"","ocean_menu_link_color_active":"","ocean_menu_link_background":"","ocean_menu_link_hover_background":"","ocean_menu_link_active_background":"","ocean_menu_social_links_bg":"","ocean_menu_social_hover_links_bg":"","ocean_menu_social_links_color":"","ocean_menu_social_hover_links_color":"","ocean_disable_title":"default","ocean_disable_heading":"default","ocean_post_title":"","ocean_post_subheading":"","ocean_post_title_style":"","ocean_post_title_background_color":"","ocean_post_title_background":0,"ocean_post_title_bg_image_position":"","ocean_post_title_bg_image_attachment":"","ocean_post_title_bg_image_repeat":"","ocean_post_title_bg_image_size":"","ocean_post_title_height":0,"ocean_post_title_bg_overlay":0.5,"ocean_post_title_bg_overlay_color":"","ocean_disable_breadcrumbs":"default","ocean_breadcrumbs_color":"","ocean_breadcrumbs_separator_color":"","ocean_breadcrumbs_links_color":"","ocean_breadcrumbs_links_hover_color":"","ocean_display_footer_widgets":"default","ocean_display_footer_bottom":"default","ocean_custom_footer_template":"0","osh_disable_topbar_sticky":"default","osh_disable_header_sticky":"default","osh_sticky_header_style":"default","osh_sticky_header_effect":"","osh_custom_sticky_logo":0,"osh_custom_retina_sticky_logo":0,"osh_custom_sticky_logo_height":0,"osh_background_color":"","osh_links_color":"","osh_links_hover_color":"","osh_links_active_color":"","osh_links_bg_color":"","osh_links_hover_bg_color":"","osh_links_active_bg_color":"","osh_menu_social_links_color":"","osh_menu_social_hover_links_color":""},"product_brand":[],"product_cat":[32,33],"product_tag":[],"class_list":{"0":"post-2292","1":"product","2":"type-product","3":"status-publish","4":"has-post-thumbnail","6":"product_cat-caviar","7":"product_cat-caviar-baeri","9":"entry","10":"has-media","12":"first","13":"instock","14":"featured","15":"taxable","16":"shipping-taxable","17":"purchasable","18":"product-type-variable","19":"has-default-attributes","20":"has-rating","21":"has-product-nav","22":"col","23":"span_1_of_3","24":"owp-content-center","25":"owp-thumbs-layout-horizontal","26":"owp-btn-normal","27":"owp-tabs-layout-horizontal"},"yoast_head":"<!-- This site is optimized with the Yoast SEO plugin v27.4 - https:\/\/yoast.com\/product\/yoast-seo-wordpress\/ -->\n<title>Caviar Baeri (Copy) - Caviariste<\/title>\n<meta name=\"robots\" content=\"index, follow, max-snippet:-1, max-image-preview:large, max-video-preview:-1\" \/>\n<link rel=\"canonical\" href=\"https:\/\/www.caviariste.com\/produit\/caviar-baeri-origine-france\/\" \/>\n<meta property=\"og:locale\" content=\"en_US\" \/>\n<meta property=\"og:type\" content=\"article\" \/>\n<meta property=\"og:title\" content=\"[:fr]Caviar Baeri (Origine France)[:en]Caviar Baeri (Copy)[:] - Caviariste\" \/>\n<meta property=\"og:description\" content=\"[:fr]Le Caviar Baerii est une tr\u00e8s belle entr\u00e9e en mati\u00e8re possible pour s&#039;initier au caviar. C&#039;est aussi le coup de c\u0153ur &quot;raisonnable&quot; des amateurs de caviar qui veulent se faire un petit plaisir seul ou \u00e0 deux. Plus de d\u00e9tails  [:en]Caviar Baerii is a very nice introduction to caviar. It is also the &quot;reasonable&quot; favorite of caviar amateurs who want to treat themselves to a little pleasure alone or to share. More details  [:]\" \/>\n<meta property=\"og:url\" content=\"https:\/\/www.caviariste.com\/produit\/caviar-baeri-origine-france\/\" \/>\n<meta property=\"og:site_name\" content=\"Caviariste\" \/>\n<meta property=\"article:modified_time\" content=\"2025-02-06T14:58:00+00:00\" \/>\n<meta property=\"og:image\" content=\"https:\/\/www.caviariste.com\/wp-content\/uploads\/2023\/09\/1-caviariste-baeri.png\" \/>\n\t<meta property=\"og:image:width\" content=\"500\" \/>\n\t<meta property=\"og:image:height\" content=\"500\" \/>\n\t<meta property=\"og:image:type\" content=\"image\/png\" \/>\n<meta name=\"twitter:card\" content=\"summary_large_image\" \/>\n<meta name=\"twitter:label1\" content=\"Est. reading time\" \/>\n\t<meta name=\"twitter:data1\" content=\"2 minutes\" \/>\n<script type=\"application\/ld+json\" class=\"yoast-schema-graph\">{\"@context\":\"https:\\\/\\\/schema.org\",\"@graph\":[{\"@type\":\"WebPage\",\"@id\":\"https:\\\/\\\/www.caviariste.com\\\/produit\\\/caviar-baeri-origine-france\\\/\",\"url\":\"https:\\\/\\\/www.caviariste.com\\\/produit\\\/caviar-baeri-origine-france\\\/\",\"name\":\"[:fr]Caviar Baeri (Origine France)[:en]Caviar Baeri (Copy)[:] - Caviariste\",\"isPartOf\":{\"@id\":\"https:\\\/\\\/www.caviariste.com\\\/#website\"},\"primaryImageOfPage\":{\"@id\":\"https:\\\/\\\/www.caviariste.com\\\/produit\\\/caviar-baeri-origine-france\\\/#primaryimage\"},\"image\":{\"@id\":\"https:\\\/\\\/www.caviariste.com\\\/produit\\\/caviar-baeri-origine-france\\\/#primaryimage\"},\"thumbnailUrl\":\"https:\\\/\\\/www.caviariste.com\\\/wp-content\\\/uploads\\\/2023\\\/09\\\/1-caviariste-baeri.png\",\"datePublished\":\"2022-09-26T13:35:33+00:00\",\"dateModified\":\"2025-02-06T14:58:00+00:00\",\"breadcrumb\":{\"@id\":\"https:\\\/\\\/www.caviariste.com\\\/produit\\\/caviar-baeri-origine-france\\\/#breadcrumb\"},\"inLanguage\":\"en-US\",\"potentialAction\":[{\"@type\":\"ReadAction\",\"target\":[\"https:\\\/\\\/www.caviariste.com\\\/produit\\\/caviar-baeri-origine-france\\\/\"]}]},{\"@type\":\"ImageObject\",\"inLanguage\":\"en-US\",\"@id\":\"https:\\\/\\\/www.caviariste.com\\\/produit\\\/caviar-baeri-origine-france\\\/#primaryimage\",\"url\":\"https:\\\/\\\/www.caviariste.com\\\/wp-content\\\/uploads\\\/2023\\\/09\\\/1-caviariste-baeri.png\",\"contentUrl\":\"https:\\\/\\\/www.caviariste.com\\\/wp-content\\\/uploads\\\/2023\\\/09\\\/1-caviariste-baeri.png\",\"width\":500,\"height\":500,\"caption\":\"caviar baeri\"},{\"@type\":\"BreadcrumbList\",\"@id\":\"https:\\\/\\\/www.caviariste.com\\\/produit\\\/caviar-baeri-origine-france\\\/#breadcrumb\",\"itemListElement\":[{\"@type\":\"ListItem\",\"position\":1,\"name\":\"Accueil\",\"item\":\"https:\\\/\\\/www.caviariste.com\\\/\"},{\"@type\":\"ListItem\",\"position\":2,\"name\":\"Shop\",\"item\":\"https:\\\/\\\/www.caviariste.com\\\/shop\\\/\"},{\"@type\":\"ListItem\",\"position\":3,\"name\":\"Caviar Baeri (Origine France)\"}]},{\"@type\":\"WebSite\",\"@id\":\"https:\\\/\\\/www.caviariste.com\\\/#website\",\"url\":\"https:\\\/\\\/www.caviariste.com\\\/\",\"name\":\"Caviariste\",\"description\":\"\",\"publisher\":{\"@id\":\"https:\\\/\\\/www.caviariste.com\\\/#organization\"},\"potentialAction\":[{\"@type\":\"SearchAction\",\"target\":{\"@type\":\"EntryPoint\",\"urlTemplate\":\"https:\\\/\\\/www.caviariste.com\\\/?s={search_term_string}\"},\"query-input\":{\"@type\":\"PropertyValueSpecification\",\"valueRequired\":true,\"valueName\":\"search_term_string\"}}],\"inLanguage\":\"en-US\"},{\"@type\":\"Organization\",\"@id\":\"https:\\\/\\\/www.caviariste.com\\\/#organization\",\"name\":\"Caviariste\",\"url\":\"https:\\\/\\\/www.caviariste.com\\\/\",\"logo\":{\"@type\":\"ImageObject\",\"inLanguage\":\"en-US\",\"@id\":\"https:\\\/\\\/www.caviariste.com\\\/#\\\/schema\\\/logo\\\/image\\\/\",\"url\":\"https:\\\/\\\/www.caviariste.com\\\/wp-content\\\/uploads\\\/2023\\\/01\\\/logo-caviariste-300-60.png\",\"contentUrl\":\"https:\\\/\\\/www.caviariste.com\\\/wp-content\\\/uploads\\\/2023\\\/01\\\/logo-caviariste-300-60.png\",\"width\":300,\"height\":60,\"caption\":\"Caviariste\"},\"image\":{\"@id\":\"https:\\\/\\\/www.caviariste.com\\\/#\\\/schema\\\/logo\\\/image\\\/\"}}]}<\/script>\n<!-- \/ Yoast SEO plugin. -->","yoast_head_json":{"title":"[:fr]Caviar Baeri (Origine France)[:en]Caviar Baeri (Copy)[:] - Caviariste","robots":{"index":"index","follow":"follow","max-snippet":"max-snippet:-1","max-image-preview":"max-image-preview:large","max-video-preview":"max-video-preview:-1"},"canonical":"https:\/\/www.caviariste.com\/produit\/caviar-baeri-origine-france\/","og_locale":"en_US","og_type":"article","og_title":"[:fr]Caviar Baeri (Origine France)[:en]Caviar Baeri (Copy)[:] - Caviariste","og_description":"[:fr]Le Caviar Baerii est une tr\u00e8s belle entr\u00e9e en mati\u00e8re possible pour s'initier au caviar. C'est aussi le coup de c\u0153ur \"raisonnable\" des amateurs de caviar qui veulent se faire un petit plaisir seul ou \u00e0 deux. Plus de d\u00e9tails  [:en]Caviar Baerii is a very nice introduction to caviar. It is also the \"reasonable\" favorite of caviar amateurs who want to treat themselves to a little pleasure alone or to share. More details  [:]","og_url":"https:\/\/www.caviariste.com\/produit\/caviar-baeri-origine-france\/","og_site_name":"Caviariste","article_modified_time":"2025-02-06T14:58:00+00:00","og_image":[{"width":500,"height":500,"url":"https:\/\/www.caviariste.com\/wp-content\/uploads\/2023\/09\/1-caviariste-baeri.png","type":"image\/png"}],"twitter_card":"summary_large_image","twitter_misc":{"Est. reading time":"2 minutes"},"schema":{"@context":"https:\/\/schema.org","@graph":[{"@type":"WebPage","@id":"https:\/\/www.caviariste.com\/produit\/caviar-baeri-origine-france\/","url":"https:\/\/www.caviariste.com\/produit\/caviar-baeri-origine-france\/","name":"[:fr]Caviar Baeri (Origine France)[:en]Caviar Baeri (Copy)[:] - Caviariste","isPartOf":{"@id":"https:\/\/www.caviariste.com\/#website"},"primaryImageOfPage":{"@id":"https:\/\/www.caviariste.com\/produit\/caviar-baeri-origine-france\/#primaryimage"},"image":{"@id":"https:\/\/www.caviariste.com\/produit\/caviar-baeri-origine-france\/#primaryimage"},"thumbnailUrl":"https:\/\/www.caviariste.com\/wp-content\/uploads\/2023\/09\/1-caviariste-baeri.png","datePublished":"2022-09-26T13:35:33+00:00","dateModified":"2025-02-06T14:58:00+00:00","breadcrumb":{"@id":"https:\/\/www.caviariste.com\/produit\/caviar-baeri-origine-france\/#breadcrumb"},"inLanguage":"en-US","potentialAction":[{"@type":"ReadAction","target":["https:\/\/www.caviariste.com\/produit\/caviar-baeri-origine-france\/"]}]},{"@type":"ImageObject","inLanguage":"en-US","@id":"https:\/\/www.caviariste.com\/produit\/caviar-baeri-origine-france\/#primaryimage","url":"https:\/\/www.caviariste.com\/wp-content\/uploads\/2023\/09\/1-caviariste-baeri.png","contentUrl":"https:\/\/www.caviariste.com\/wp-content\/uploads\/2023\/09\/1-caviariste-baeri.png","width":500,"height":500,"caption":"caviar baeri"},{"@type":"BreadcrumbList","@id":"https:\/\/www.caviariste.com\/produit\/caviar-baeri-origine-france\/#breadcrumb","itemListElement":[{"@type":"ListItem","position":1,"name":"Accueil","item":"https:\/\/www.caviariste.com\/"},{"@type":"ListItem","position":2,"name":"Shop","item":"https:\/\/www.caviariste.com\/shop\/"},{"@type":"ListItem","position":3,"name":"Caviar Baeri (Origine France)"}]},{"@type":"WebSite","@id":"https:\/\/www.caviariste.com\/#website","url":"https:\/\/www.caviariste.com\/","name":"Caviariste","description":"","publisher":{"@id":"https:\/\/www.caviariste.com\/#organization"},"potentialAction":[{"@type":"SearchAction","target":{"@type":"EntryPoint","urlTemplate":"https:\/\/www.caviariste.com\/?s={search_term_string}"},"query-input":{"@type":"PropertyValueSpecification","valueRequired":true,"valueName":"search_term_string"}}],"inLanguage":"en-US"},{"@type":"Organization","@id":"https:\/\/www.caviariste.com\/#organization","name":"Caviariste","url":"https:\/\/www.caviariste.com\/","logo":{"@type":"ImageObject","inLanguage":"en-US","@id":"https:\/\/www.caviariste.com\/#\/schema\/logo\/image\/","url":"https:\/\/www.caviariste.com\/wp-content\/uploads\/2023\/01\/logo-caviariste-300-60.png","contentUrl":"https:\/\/www.caviariste.com\/wp-content\/uploads\/2023\/01\/logo-caviariste-300-60.png","width":300,"height":60,"caption":"Caviariste"},"image":{"@id":"https:\/\/www.caviariste.com\/#\/schema\/logo\/image\/"}}]}},"_links":{"self":[{"href":"https:\/\/www.caviariste.com\/en\/wp-json\/wp\/v2\/product\/2292","targetHints":{"allow":["GET"]}}],"collection":[{"href":"https:\/\/www.caviariste.com\/en\/wp-json\/wp\/v2\/product"}],"about":[{"href":"https:\/\/www.caviariste.com\/en\/wp-json\/wp\/v2\/types\/product"}],"replies":[{"embeddable":true,"href":"https:\/\/www.caviariste.com\/en\/wp-json\/wp\/v2\/comments?post=2292"}],"wp:featuredmedia":[{"embeddable":true,"href":"https:\/\/www.caviariste.com\/en\/wp-json\/wp\/v2\/media\/2301"}],"wp:attachment":[{"href":"https:\/\/www.caviariste.com\/en\/wp-json\/wp\/v2\/media?parent=2292"}],"wp:term":[{"taxonomy":"product_brand","embeddable":true,"href":"https:\/\/www.caviariste.com\/en\/wp-json\/wp\/v2\/product_brand?post=2292"},{"taxonomy":"product_cat","embeddable":true,"href":"https:\/\/www.caviariste.com\/en\/wp-json\/wp\/v2\/product_cat?post=2292"},{"taxonomy":"product_tag","embeddable":true,"href":"https:\/\/www.caviariste.com\/en\/wp-json\/wp\/v2\/product_tag?post=2292"}],"curies":[{"name":"wp","href":"https:\/\/api.w.org\/{rel}","templated":true}]}}