{"id":1910,"date":"2023-02-13T10:52:26","date_gmt":"2023-02-13T09:52:26","guid":{"rendered":"https:\/\/www.caviariste.com\/?page_id=1910"},"modified":"2023-04-04T13:53:57","modified_gmt":"2023-04-04T11:53:57","slug":"mentions-legales","status":"publish","type":"page","link":"https:\/\/www.caviariste.com\/en\/mentions-legales\/","title":{"rendered":"Mentions l\u00e9gales"},"content":{"rendered":"<p><\/p>\n<div id=\"content\" class=\"site-content clr\">\n<article class=\"single-page-article clr\">\n<div class=\"entry clr\">\n<div id=\"content\" class=\"site-content clr\">\n<article class=\"single-page-article clr\">\n<div class=\"entry clr\">\n<p>Ce site est \u00e9dit\u00e9 par Huso, SAS<br \/>\nSi\u00e8ge social : Domaine Huso \u2013 La Grande Veyssi\u00e8re 24190 Neuvic<br \/>\nSIRET : 535 337 182 00021 APE\/NAF : 0322Z<br \/>\nResponsable de la publication : Laurent Deverlanges<br \/>\nH\u00e9bergement : OVH<br \/>\nConform\u00e9ment \u00e0 la loi Informatique et Libert\u00e9s en date du 6 janvier 1978, vous disposez \u00e0 tout moment d\u2019un droit d\u2019acc\u00e8s, de rectification, de modification et de suppression concernant les donn\u00e9es qui vous concernent. Vous pouvez exercer ce droit en envoyant un message \u00e0 l\u2019adresse <a href=\"mailto:contact@lecaviariste.com\">contact@lecaviariste.com<\/a><br \/>\nCr\u00e9dits photos : Caviariste<br \/>\nR\u00e9alisation : Caviariste<br \/>\nL\u2019identit\u00e9 de marque et le design packaging a \u00e9t\u00e9 cr\u00e9\u00e9 par Caviariste.<\/p>\n<\/div>\n<\/article>\n<\/div>\n<\/div>\n<\/article>\n<\/div>\n<p><\/p>","protected":false},"excerpt":{"rendered":"<p>Ce site est \u00e9dit\u00e9 par Huso, SAS Si\u00e8ge social : Domaine Huso \u2013 La Grande Veyssi\u00e8re 24190 Neuvic SIRET : 535 337 182 00021 APE\/NAF : 0322Z Responsable de la publication : Laurent Deverlanges H\u00e9bergement : OVH Conform\u00e9ment \u00e0 la loi Informatique et Libert\u00e9s en date du 6 janvier 1978, vous disposez \u00e0 tout moment [&hellip;]<\/p>\n","protected":false},"author":1,"featured_media":0,"parent":0,"menu_order":0,"comment_status":"closed","ping_status":"closed","template":"","meta":{"ocean_post_layout":"","ocean_both_sidebars_style":"","ocean_both_sidebars_content_width":0,"ocean_both_sidebars_sidebars_width":0,"ocean_sidebar":"0","ocean_second_sidebar":"0","ocean_disable_margins":"enable","ocean_add_body_class":"","ocean_shortcode_before_top_bar":"","ocean_shortcode_after_top_bar":"","ocean_shortcode_before_header":"","ocean_shortcode_after_header":"","ocean_has_shortcode":"","ocean_shortcode_after_title":"","ocean_shortcode_before_footer_widgets":"","ocean_shortcode_after_footer_widgets":"","ocean_shortcode_before_footer_bottom":"","ocean_shortcode_after_footer_bottom":"","ocean_display_top_bar":"default","ocean_display_header":"default","ocean_header_style":"","ocean_center_header_left_menu":"0","ocean_custom_header_template":"0","ocean_custom_logo":0,"ocean_custom_retina_logo":0,"ocean_custom_logo_max_width":0,"ocean_custom_logo_tablet_max_width":0,"ocean_custom_logo_mobile_max_width":0,"ocean_custom_logo_max_height":0,"ocean_custom_logo_tablet_max_height":0,"ocean_custom_logo_mobile_max_height":0,"ocean_header_custom_menu":"0","ocean_menu_typo_font_family":"0","ocean_menu_typo_font_subset":"","ocean_menu_typo_font_size":0,"ocean_menu_typo_font_size_tablet":0,"ocean_menu_typo_font_size_mobile":0,"ocean_menu_typo_font_size_unit":"px","ocean_menu_typo_font_weight":"","ocean_menu_typo_font_weight_tablet":"","ocean_menu_typo_font_weight_mobile":"","ocean_menu_typo_transform":"","ocean_menu_typo_transform_tablet":"","ocean_menu_typo_transform_mobile":"","ocean_menu_typo_line_height":0,"ocean_menu_typo_line_height_tablet":0,"ocean_menu_typo_line_height_mobile":0,"ocean_menu_typo_line_height_unit":"","ocean_menu_typo_spacing":0,"ocean_menu_typo_spacing_tablet":0,"ocean_menu_typo_spacing_mobile":0,"ocean_menu_typo_spacing_unit":"","ocean_menu_link_color":"","ocean_menu_link_color_hover":"","ocean_menu_link_color_active":"","ocean_menu_link_background":"","ocean_menu_link_hover_background":"","ocean_menu_link_active_background":"","ocean_menu_social_links_bg":"","ocean_menu_social_hover_links_bg":"","ocean_menu_social_links_color":"","ocean_menu_social_hover_links_color":"","ocean_disable_title":"default","ocean_disable_heading":"default","ocean_post_title":"","ocean_post_subheading":"","ocean_post_title_style":"","ocean_post_title_background_color":"","ocean_post_title_background":0,"ocean_post_title_bg_image_position":"","ocean_post_title_bg_image_attachment":"","ocean_post_title_bg_image_repeat":"","ocean_post_title_bg_image_size":"","ocean_post_title_height":0,"ocean_post_title_bg_overlay":0.5,"ocean_post_title_bg_overlay_color":"","ocean_disable_breadcrumbs":"default","ocean_breadcrumbs_color":"","ocean_breadcrumbs_separator_color":"","ocean_breadcrumbs_links_color":"","ocean_breadcrumbs_links_hover_color":"","ocean_display_footer_widgets":"default","ocean_display_footer_bottom":"default","ocean_custom_footer_template":"0","osh_disable_topbar_sticky":"default","osh_disable_header_sticky":"default","osh_sticky_header_style":"default","osh_sticky_header_effect":"","osh_custom_sticky_logo":0,"osh_custom_retina_sticky_logo":0,"osh_custom_sticky_logo_height":0,"osh_background_color":"","osh_links_color":"","osh_links_hover_color":"","osh_links_active_color":"","osh_links_bg_color":"","osh_links_hover_bg_color":"","osh_links_active_bg_color":"","osh_menu_social_links_color":"","osh_menu_social_hover_links_color":"","footnotes":""},"class_list":["post-1910","page","type-page","status-publish","hentry","entry","owp-thumbs-layout-horizontal","owp-btn-normal","owp-tabs-layout-horizontal","has-no-thumbnails","has-product-nav"],"yoast_head":"<!-- This site is optimized with the Yoast SEO plugin v27.4 - https:\/\/yoast.com\/product\/yoast-seo-wordpress\/ -->\n<title>Mentions l\u00e9gales - Caviariste<\/title>\n<meta name=\"robots\" content=\"index, follow, max-snippet:-1, max-image-preview:large, max-video-preview:-1\" \/>\n<link rel=\"canonical\" href=\"https:\/\/www.caviariste.com\/mentions-legales\/\" \/>\n<meta property=\"og:locale\" content=\"en_US\" \/>\n<meta property=\"og:type\" content=\"article\" \/>\n<meta property=\"og:title\" content=\"Mentions l\u00e9gales - Caviariste\" \/>\n<meta property=\"og:description\" content=\"Ce site est \u00e9dit\u00e9 par Huso, SAS Si\u00e8ge social : Domaine Huso \u2013 La Grande Veyssi\u00e8re 24190 Neuvic SIRET : 535 337 182 00021 APE\/NAF : 0322Z Responsable de la publication : Laurent Deverlanges H\u00e9bergement : OVH Conform\u00e9ment \u00e0 la loi Informatique et Libert\u00e9s en date du 6 janvier 1978, vous disposez \u00e0 tout moment [&hellip;]\" \/>\n<meta property=\"og:url\" content=\"https:\/\/www.caviariste.com\/mentions-legales\/\" \/>\n<meta property=\"og:site_name\" content=\"Caviariste\" \/>\n<meta property=\"article:modified_time\" content=\"2023-04-04T11:53:57+00:00\" \/>\n<meta name=\"twitter:card\" content=\"summary_large_image\" \/>\n<meta name=\"twitter:label1\" content=\"Est. reading time\" \/>\n\t<meta name=\"twitter:data1\" content=\"1 minute\" \/>\n<script type=\"application\/ld+json\" class=\"yoast-schema-graph\">{\"@context\":\"https:\\\/\\\/schema.org\",\"@graph\":[{\"@type\":\"WebPage\",\"@id\":\"https:\\\/\\\/www.caviariste.com\\\/mentions-legales\\\/\",\"url\":\"https:\\\/\\\/www.caviariste.com\\\/mentions-legales\\\/\",\"name\":\"Mentions l\u00e9gales - Caviariste\",\"isPartOf\":{\"@id\":\"https:\\\/\\\/www.caviariste.com\\\/#website\"},\"datePublished\":\"2023-02-13T09:52:26+00:00\",\"dateModified\":\"2023-04-04T11:53:57+00:00\",\"breadcrumb\":{\"@id\":\"https:\\\/\\\/www.caviariste.com\\\/mentions-legales\\\/#breadcrumb\"},\"inLanguage\":\"en-US\",\"potentialAction\":[{\"@type\":\"ReadAction\",\"target\":[\"https:\\\/\\\/www.caviariste.com\\\/mentions-legales\\\/\"]}]},{\"@type\":\"BreadcrumbList\",\"@id\":\"https:\\\/\\\/www.caviariste.com\\\/mentions-legales\\\/#breadcrumb\",\"itemListElement\":[{\"@type\":\"ListItem\",\"position\":1,\"name\":\"Accueil\",\"item\":\"https:\\\/\\\/www.caviariste.com\\\/\"},{\"@type\":\"ListItem\",\"position\":2,\"name\":\"Mentions l\u00e9gales\"}]},{\"@type\":\"WebSite\",\"@id\":\"https:\\\/\\\/www.caviariste.com\\\/#website\",\"url\":\"https:\\\/\\\/www.caviariste.com\\\/\",\"name\":\"Caviariste\",\"description\":\"\",\"publisher\":{\"@id\":\"https:\\\/\\\/www.caviariste.com\\\/#organization\"},\"potentialAction\":[{\"@type\":\"SearchAction\",\"target\":{\"@type\":\"EntryPoint\",\"urlTemplate\":\"https:\\\/\\\/www.caviariste.com\\\/?s={search_term_string}\"},\"query-input\":{\"@type\":\"PropertyValueSpecification\",\"valueRequired\":true,\"valueName\":\"search_term_string\"}}],\"inLanguage\":\"en-US\"},{\"@type\":\"Organization\",\"@id\":\"https:\\\/\\\/www.caviariste.com\\\/#organization\",\"name\":\"Caviariste\",\"url\":\"https:\\\/\\\/www.caviariste.com\\\/\",\"logo\":{\"@type\":\"ImageObject\",\"inLanguage\":\"en-US\",\"@id\":\"https:\\\/\\\/www.caviariste.com\\\/#\\\/schema\\\/logo\\\/image\\\/\",\"url\":\"https:\\\/\\\/www.caviariste.com\\\/wp-content\\\/uploads\\\/2023\\\/01\\\/logo-caviariste-300-60.png\",\"contentUrl\":\"https:\\\/\\\/www.caviariste.com\\\/wp-content\\\/uploads\\\/2023\\\/01\\\/logo-caviariste-300-60.png\",\"width\":300,\"height\":60,\"caption\":\"Caviariste\"},\"image\":{\"@id\":\"https:\\\/\\\/www.caviariste.com\\\/#\\\/schema\\\/logo\\\/image\\\/\"}}]}<\/script>\n<!-- \/ Yoast SEO plugin. -->","yoast_head_json":{"title":"Mentions l\u00e9gales - Caviariste","robots":{"index":"index","follow":"follow","max-snippet":"max-snippet:-1","max-image-preview":"max-image-preview:large","max-video-preview":"max-video-preview:-1"},"canonical":"https:\/\/www.caviariste.com\/mentions-legales\/","og_locale":"en_US","og_type":"article","og_title":"Mentions l\u00e9gales - Caviariste","og_description":"Ce site est \u00e9dit\u00e9 par Huso, SAS Si\u00e8ge social : Domaine Huso \u2013 La Grande Veyssi\u00e8re 24190 Neuvic SIRET : 535 337 182 00021 APE\/NAF : 0322Z Responsable de la publication : Laurent Deverlanges H\u00e9bergement : OVH Conform\u00e9ment \u00e0 la loi Informatique et Libert\u00e9s en date du 6 janvier 1978, vous disposez \u00e0 tout moment [&hellip;]","og_url":"https:\/\/www.caviariste.com\/mentions-legales\/","og_site_name":"Caviariste","article_modified_time":"2023-04-04T11:53:57+00:00","twitter_card":"summary_large_image","twitter_misc":{"Est. reading time":"1 minute"},"schema":{"@context":"https:\/\/schema.org","@graph":[{"@type":"WebPage","@id":"https:\/\/www.caviariste.com\/mentions-legales\/","url":"https:\/\/www.caviariste.com\/mentions-legales\/","name":"Mentions l\u00e9gales - Caviariste","isPartOf":{"@id":"https:\/\/www.caviariste.com\/#website"},"datePublished":"2023-02-13T09:52:26+00:00","dateModified":"2023-04-04T11:53:57+00:00","breadcrumb":{"@id":"https:\/\/www.caviariste.com\/mentions-legales\/#breadcrumb"},"inLanguage":"en-US","potentialAction":[{"@type":"ReadAction","target":["https:\/\/www.caviariste.com\/mentions-legales\/"]}]},{"@type":"BreadcrumbList","@id":"https:\/\/www.caviariste.com\/mentions-legales\/#breadcrumb","itemListElement":[{"@type":"ListItem","position":1,"name":"Accueil","item":"https:\/\/www.caviariste.com\/"},{"@type":"ListItem","position":2,"name":"Mentions l\u00e9gales"}]},{"@type":"WebSite","@id":"https:\/\/www.caviariste.com\/#website","url":"https:\/\/www.caviariste.com\/","name":"Caviariste","description":"","publisher":{"@id":"https:\/\/www.caviariste.com\/#organization"},"potentialAction":[{"@type":"SearchAction","target":{"@type":"EntryPoint","urlTemplate":"https:\/\/www.caviariste.com\/?s={search_term_string}"},"query-input":{"@type":"PropertyValueSpecification","valueRequired":true,"valueName":"search_term_string"}}],"inLanguage":"en-US"},{"@type":"Organization","@id":"https:\/\/www.caviariste.com\/#organization","name":"Caviariste","url":"https:\/\/www.caviariste.com\/","logo":{"@type":"ImageObject","inLanguage":"en-US","@id":"https:\/\/www.caviariste.com\/#\/schema\/logo\/image\/","url":"https:\/\/www.caviariste.com\/wp-content\/uploads\/2023\/01\/logo-caviariste-300-60.png","contentUrl":"https:\/\/www.caviariste.com\/wp-content\/uploads\/2023\/01\/logo-caviariste-300-60.png","width":300,"height":60,"caption":"Caviariste"},"image":{"@id":"https:\/\/www.caviariste.com\/#\/schema\/logo\/image\/"}}]}},"_links":{"self":[{"href":"https:\/\/www.caviariste.com\/en\/wp-json\/wp\/v2\/pages\/1910","targetHints":{"allow":["GET"]}}],"collection":[{"href":"https:\/\/www.caviariste.com\/en\/wp-json\/wp\/v2\/pages"}],"about":[{"href":"https:\/\/www.caviariste.com\/en\/wp-json\/wp\/v2\/types\/page"}],"author":[{"embeddable":true,"href":"https:\/\/www.caviariste.com\/en\/wp-json\/wp\/v2\/users\/1"}],"replies":[{"embeddable":true,"href":"https:\/\/www.caviariste.com\/en\/wp-json\/wp\/v2\/comments?post=1910"}],"version-history":[{"count":2,"href":"https:\/\/www.caviariste.com\/en\/wp-json\/wp\/v2\/pages\/1910\/revisions"}],"predecessor-version":[{"id":2268,"href":"https:\/\/www.caviariste.com\/en\/wp-json\/wp\/v2\/pages\/1910\/revisions\/2268"}],"wp:attachment":[{"href":"https:\/\/www.caviariste.com\/en\/wp-json\/wp\/v2\/media?parent=1910"}],"curies":[{"name":"wp","href":"https:\/\/api.w.org\/{rel}","templated":true}]}}